{"id":121,"date":"2018-02-09T15:25:41","date_gmt":"2018-02-09T14:25:41","guid":{"rendered":"https:\/\/svatba.tomogo.cz\/?page_id=121"},"modified":"2018-02-20T21:25:52","modified_gmt":"2018-02-20T20:25:52","slug":"kostel-svateho-antonina","status":"publish","type":"page","link":"https:\/\/svatba.tomogo.cz\/?page_id=121","title":{"rendered":"Kostel svat\u00e9ho Anton\u00edna"},"content":{"rendered":"<div class=\"detail_levysloupec\">\n<div class=\"clanek\"><\/div>\n<\/div>\n<p><img loading=\"lazy\" decoding=\"async\" src=\"https:\/\/svatba.tomogo.cz\/wp-content\/uploads\/2018\/02\/kostel_sv_antonina-1024x682.jpg\" alt=\"\" width=\"750\" height=\"500\" class=\"alignnone size-large wp-image-188\" srcset=\"https:\/\/svatba.tomogo.cz\/wp-content\/uploads\/2018\/02\/kostel_sv_antonina.jpg 1024w, https:\/\/svatba.tomogo.cz\/wp-content\/uploads\/2018\/02\/kostel_sv_antonina-300x200.jpg 300w, https:\/\/svatba.tomogo.cz\/wp-content\/uploads\/2018\/02\/kostel_sv_antonina-768x512.jpg 768w, https:\/\/svatba.tomogo.cz\/wp-content\/uploads\/2018\/02\/kostel_sv_antonina-360x240.jpg 360w\" sizes=\"auto, (max-width: 750px) 100vw, 750px\" \/><\/p>\n<p><span>Novorom\u00e1nsk\u00fd kamenn\u00fd kostel sv. Anton\u00edna (\u015bw. Antoniego) a p\u0159ilehl\u00fd h\u0159bitov stoj\u00ed v polsk\u00e9 vsi Las\u00f3wka u Divok\u00e9 Orlice. Ves le\u017e\u00ed u samotn\u00e9 hranice Polska s \u010cR.<\/span><\/p>\n<div class=\"xtextpanes\">\n<div>Kostel byl postaven v l. 1910 &#8211; 1912 z p\u00edskovce v novorom\u00e1nsk\u00e9m stylu, s \u010dty\u0159bokou v\u011b\u017e\u00ed s vysokou jehlancovou st\u0159echou. V interi\u00e9ru se zachovalo p\u016fvodn\u00ed p\u0159edv\u00e1le\u010dn\u00e9 za\u0159\u00edzen\u00ed z po\u010d\u00e1tku 20. stolet\u00ed, v\u010detn\u011b hlavn\u00edho olt\u00e1\u0159e a dv\u011bma bo\u010dn\u00edmi olt\u00e1\u0159i s obrazy Panny Marie a sv. Josefa, na prav\u00e9 stran\u011b je k\u0159titelnice z p\u00edskovce. Kostel je registrovanou chr\u00e1n\u011bnou pam\u00e1tkou Polska.<\/div>\n<\/div>\n<p><img loading=\"lazy\" decoding=\"async\" src=\"https:\/\/svatba.tomogo.cz\/wp-content\/uploads\/2018\/02\/antonin.png\" alt=\"\" width=\"926\" height=\"827\" class=\"alignnone size-full wp-image-126\" srcset=\"https:\/\/svatba.tomogo.cz\/wp-content\/uploads\/2018\/02\/antonin.png 926w, https:\/\/svatba.tomogo.cz\/wp-content\/uploads\/2018\/02\/antonin-300x268.png 300w, https:\/\/svatba.tomogo.cz\/wp-content\/uploads\/2018\/02\/antonin-768x686.png 768w\" sizes=\"auto, (max-width: 926px) 100vw, 926px\" \/><\/p>\n","protected":false},"excerpt":{"rendered":"<p>Novorom\u00e1nsk\u00fd kamenn\u00fd kostel sv. Anton\u00edna (\u015bw. Antoniego) a p\u0159ilehl\u00fd h\u0159bitov stoj\u00ed v polsk\u00e9 vsi Las\u00f3wka u Divok\u00e9 Orlice. Ves le\u017e\u00ed u samotn\u00e9 hranice Polska s \u010cR. Kostel byl postaven v l. 1910 &#8211; 1912 z p\u00edskovce v novorom\u00e1nsk\u00e9m stylu, s \u010dty\u0159bokou v\u011b\u017e\u00ed s vysokou jehlancovou st\u0159echou. V interi\u00e9ru se zachovalo [&hellip;]<\/p>\n","protected":false},"author":1,"featured_media":0,"parent":0,"menu_order":0,"comment_status":"open","ping_status":"closed","template":"","meta":{"footnotes":""},"class_list":["post-121","page","type-page","status-publish","hentry"],"_links":{"self":[{"href":"https:\/\/svatba.tomogo.cz\/index.php?rest_route=\/wp\/v2\/pages\/121","targetHints":{"allow":["GET"]}}],"collection":[{"href":"https:\/\/svatba.tomogo.cz\/index.php?rest_route=\/wp\/v2\/pages"}],"about":[{"href":"https:\/\/svatba.tomogo.cz\/index.php?rest_route=\/wp\/v2\/types\/page"}],"author":[{"embeddable":true,"href":"https:\/\/svatba.tomogo.cz\/index.php?rest_route=\/wp\/v2\/users\/1"}],"replies":[{"embeddable":true,"href":"https:\/\/svatba.tomogo.cz\/index.php?rest_route=%2Fwp%2Fv2%2Fcomments&post=121"}],"version-history":[{"count":4,"href":"https:\/\/svatba.tomogo.cz\/index.php?rest_route=\/wp\/v2\/pages\/121\/revisions"}],"predecessor-version":[{"id":125,"href":"https:\/\/svatba.tomogo.cz\/index.php?rest_route=\/wp\/v2\/pages\/121\/revisions\/125"}],"wp:attachment":[{"href":"https:\/\/svatba.tomogo.cz\/index.php?rest_route=%2Fwp%2Fv2%2Fmedia&parent=121"}],"curies":[{"name":"wp","href":"https:\/\/api.w.org\/{rel}","templated":true}]}}