{"id":130,"date":"2018-02-09T15:33:35","date_gmt":"2018-02-09T14:33:35","guid":{"rendered":"https:\/\/svatba.tomogo.cz\/?page_id=130"},"modified":"2018-02-20T21:26:44","modified_gmt":"2018-02-20T20:26:44","slug":"okolo-trckova","status":"publish","type":"page","link":"https:\/\/svatba.tomogo.cz\/?page_id=130","title":{"rendered":"Okolo T\u0159\u010dkova"},"content":{"rendered":"<h2>Okolo Tr\u010dkova ml\u00fdna nebo k Divok\u00e9 Orlici?<\/h2>\n<p>Nau\u010dn\u00e1 stezka Bed\u0159ichovka vede p\u0159es 8 informa\u010dn\u00edch panel\u016f, kter\u00e9 jsou na trase rozm\u00edt\u011bny pouze v letn\u00ed sez\u00f3n\u011b od kv\u011btna do \u0159\u00edjna a m\u011b\u0159\u00ed 3 kilometry. Stezka je ur\u010dena pro p\u011b\u0161\u00ed, cyklisty a tak\u00e9 voz\u00ed\u010dk\u00e1\u0159e (jen panel u Divok\u00e9 Orlice nen\u00ed pro voz\u00ed\u010dk\u00e1\u0159e dostupn\u00fd). Nejlep\u0161\u00edm v\u00fdchodiskem je chata Bed\u0159ichovka, stezka vede po dvou v\u011btv\u00edch \u2013 okolo Tr\u010dkova ml\u00fdna a nebo k\u00a0Divok\u00e9 Orlici. N\u00e1vrat z\u00a0obou v\u011btv\u00ed je pak po stejn\u00e9 trase.<\/p>\n<p>&nbsp;<\/p>\n<h3>Popis trasy<\/h3>\n<p>Trasa k Divok\u00e9 Orlici: chata Bed\u0159ichovka &#8211; Divok\u00e1 Orlice &#8211; chata Bed\u0159ichovka<\/p>\n<p>Trasa na Tr\u010dkov: chata Bed\u0159ichovka &#8211; NPR Tr\u010dkov &#8211; chata Bed\u0159ichovka<\/p>\n<p>&nbsp;<\/p>\n<h3>Celkov\u00e1 d\u00e9lka<\/h3>\n<p>Trasa k Divok\u00e9 Orlicic je dlouh\u00e1 1,9 km.<\/p>\n<p>Trasa na druhou stranu k n\u00e1rodn\u00ed p\u0159\u00edrodn\u00ed rezervaci Tr\u010dkov je dlouh\u00e1 3,9 km.<\/p>\n<p>&nbsp;<\/p>\n<h3>Ob\u010derstven\u00ed<\/h3>\n<p>Ob\u010derstven\u00ed naleznete jen ve v\u00fdchoz\u00edm bod\u011b na chat\u011b Bed\u0159ichovka, proto si s sebou nezapome\u0148te zabalit n\u011bjakou sva\u010dinu.<\/p>\n<p>&nbsp;<\/p>\n<blockquote>\n<h3>Tip na v\u00fdlet<\/h3>\n<\/blockquote>\n<p>Pokud se vyd\u00e1te po trase k Tr\u010dkovu, dojdete po 1,9 km k p\u0159\u00edrodn\u00ed<span>\u00a0<\/span><a href=\"http:\/\/www.region-orlickehory.cz\/turisticke-zajimavosti\/zajimava-mista\/prirodni-rezervace-trckov\/\">rezervaci Tr\u010dkov<\/a>, kter\u00e1 byla vyhl\u00e1\u0161ena v roce 1982. Jedn\u00e1 se o ochranu zbytku p\u0159irozen\u00e9ho horsk\u00e9ho lesa. M\u016f\u017eete se zde setkat s ohro\u017een\u00fdmi druhy rostlin nebo se vz\u00e1cn\u00fdmi druhy bezobratl\u00fdch \u017eivo\u010dich\u016f.<\/p>\n<p>&nbsp;<\/p>\n<p><a href=\"http:\/\/files.region-orlickehory.cz\/200029907-c8993c9a05\/mapa%20bedrichovka.jpg\" target=\"_blank\" rel=\"noopener\"><img decoding=\"async\" alt=\"Mapa Bed\u0159ichovka\" src=\"http:\/\/files.orlickehory.webnode.cz\/200029907-c8993c9a05\/mapa%20bedrichovka.jpg\" \/><\/a><\/p>\n<p><span><\/p>\n<p><\/span><\/p>\n","protected":false},"excerpt":{"rendered":"<p>Okolo Tr\u010dkova ml\u00fdna nebo k Divok\u00e9 Orlici? Nau\u010dn\u00e1 stezka Bed\u0159ichovka vede p\u0159es 8 informa\u010dn\u00edch panel\u016f, kter\u00e9 jsou na trase rozm\u00edt\u011bny pouze v letn\u00ed sez\u00f3n\u011b od kv\u011btna do \u0159\u00edjna a m\u011b\u0159\u00ed 3 kilometry. Stezka je ur\u010dena pro p\u011b\u0161\u00ed, cyklisty a tak\u00e9 voz\u00ed\u010dk\u00e1\u0159e (jen panel u Divok\u00e9 Orlice nen\u00ed pro voz\u00ed\u010dk\u00e1\u0159e dostupn\u00fd). [&hellip;]<\/p>\n","protected":false},"author":1,"featured_media":0,"parent":0,"menu_order":0,"comment_status":"open","ping_status":"closed","template":"","meta":{"footnotes":""},"class_list":["post-130","page","type-page","status-publish","hentry"],"_links":{"self":[{"href":"https:\/\/svatba.tomogo.cz\/index.php?rest_route=\/wp\/v2\/pages\/130","targetHints":{"allow":["GET"]}}],"collection":[{"href":"https:\/\/svatba.tomogo.cz\/index.php?rest_route=\/wp\/v2\/pages"}],"about":[{"href":"https:\/\/svatba.tomogo.cz\/index.php?rest_route=\/wp\/v2\/types\/page"}],"author":[{"embeddable":true,"href":"https:\/\/svatba.tomogo.cz\/index.php?rest_route=\/wp\/v2\/users\/1"}],"replies":[{"embeddable":true,"href":"https:\/\/svatba.tomogo.cz\/index.php?rest_route=%2Fwp%2Fv2%2Fcomments&post=130"}],"version-history":[{"count":1,"href":"https:\/\/svatba.tomogo.cz\/index.php?rest_route=\/wp\/v2\/pages\/130\/revisions"}],"predecessor-version":[{"id":131,"href":"https:\/\/svatba.tomogo.cz\/index.php?rest_route=\/wp\/v2\/pages\/130\/revisions\/131"}],"wp:attachment":[{"href":"https:\/\/svatba.tomogo.cz\/index.php?rest_route=%2Fwp%2Fv2%2Fmedia&parent=130"}],"curies":[{"name":"wp","href":"https:\/\/api.w.org\/{rel}","templated":true}]}}