{"id":133,"date":"2018-02-09T20:28:11","date_gmt":"2018-02-09T19:28:11","guid":{"rendered":"https:\/\/svatba.tomogo.cz\/?page_id=133"},"modified":"2018-02-20T21:24:37","modified_gmt":"2018-02-20T20:24:37","slug":"zabavy_na_bedrichovce","status":"publish","type":"page","link":"https:\/\/svatba.tomogo.cz\/?page_id=133","title":{"rendered":"Baz\u00e9n"},"content":{"rendered":"<p>Baz\u00e9n bude v jarn\u00edm obdob\u00ed asi dost studen\u00fd, ale proti gustu&#8230;<\/p>\n<p><img loading=\"lazy\" decoding=\"async\" src=\"https:\/\/svatba.tomogo.cz\/wp-content\/uploads\/2018\/02\/bazen.jpg\" alt=\"\" width=\"300\" height=\"225\" class=\"size-full wp-image-152\" \/><\/p>\n","protected":false},"excerpt":{"rendered":"<p>Baz\u00e9n bude v jarn\u00edm obdob\u00ed asi dost studen\u00fd, ale proti gustu&#8230;<\/p>\n","protected":false},"author":1,"featured_media":0,"parent":0,"menu_order":0,"comment_status":"open","ping_status":"closed","template":"","meta":{"footnotes":""},"class_list":["post-133","page","type-page","status-publish","hentry"],"_links":{"self":[{"href":"https:\/\/svatba.tomogo.cz\/index.php?rest_route=\/wp\/v2\/pages\/133","targetHints":{"allow":["GET"]}}],"collection":[{"href":"https:\/\/svatba.tomogo.cz\/index.php?rest_route=\/wp\/v2\/pages"}],"about":[{"href":"https:\/\/svatba.tomogo.cz\/index.php?rest_route=\/wp\/v2\/types\/page"}],"author":[{"embeddable":true,"href":"https:\/\/svatba.tomogo.cz\/index.php?rest_route=\/wp\/v2\/users\/1"}],"replies":[{"embeddable":true,"href":"https:\/\/svatba.tomogo.cz\/index.php?rest_route=%2Fwp%2Fv2%2Fcomments&post=133"}],"version-history":[{"count":6,"href":"https:\/\/svatba.tomogo.cz\/index.php?rest_route=\/wp\/v2\/pages\/133\/revisions"}],"predecessor-version":[{"id":161,"href":"https:\/\/svatba.tomogo.cz\/index.php?rest_route=\/wp\/v2\/pages\/133\/revisions\/161"}],"wp:attachment":[{"href":"https:\/\/svatba.tomogo.cz\/index.php?rest_route=%2Fwp%2Fv2%2Fmedia&parent=133"}],"curies":[{"name":"wp","href":"https:\/\/api.w.org\/{rel}","templated":true}]}}