{"id":145,"date":"2018-02-09T23:38:11","date_gmt":"2018-02-09T22:38:11","guid":{"rendered":"https:\/\/svatba.tomogo.cz\/?page_id=145"},"modified":"2018-02-20T21:24:51","modified_gmt":"2018-02-20T20:24:51","slug":"certi-skala","status":"publish","type":"page","link":"https:\/\/svatba.tomogo.cz\/?page_id=145","title":{"rendered":"\u010cert\u00ed sk\u00e1la"},"content":{"rendered":"<p>Nad chalupou je mal\u00e1 vyhl\u00eddka m\u00edstn\u00edmi p\u0159ezd\u00edv\u00e1na \u010cert\u00ed sk\u00e1la. Nen\u00ed moc vysoko, ale je tu kr\u00e1sn\u00fd v\u00fdhled na to na\u0161e malebn\u00e9 \u00fadol\u00ed. Obzvl\u00e1\u0161t\u011b pak na polskou stranu kolem Las\u00f3wky.<\/p>\n<p>&nbsp;<\/p>\n<p><img loading=\"lazy\" decoding=\"async\" src=\"https:\/\/svatba.tomogo.cz\/wp-content\/uploads\/2018\/02\/certiskala.jpg\" alt=\"\" width=\"1024\" height=\"682\" class=\"alignnone size-full wp-image-146\" srcset=\"https:\/\/svatba.tomogo.cz\/wp-content\/uploads\/2018\/02\/certiskala.jpg 1024w, https:\/\/svatba.tomogo.cz\/wp-content\/uploads\/2018\/02\/certiskala-300x200.jpg 300w, https:\/\/svatba.tomogo.cz\/wp-content\/uploads\/2018\/02\/certiskala-768x512.jpg 768w, https:\/\/svatba.tomogo.cz\/wp-content\/uploads\/2018\/02\/certiskala-360x240.jpg 360w\" sizes=\"auto, (max-width: 1024px) 100vw, 1024px\" \/><\/p>\n<p>Na fotce je vid\u011bt Lenka s Mar\u0165asem na \u010cert\u00ed sk\u00e1le na podzim roku 2017.<\/p>\n","protected":false},"excerpt":{"rendered":"<p>Nad chalupou je mal\u00e1 vyhl\u00eddka m\u00edstn\u00edmi p\u0159ezd\u00edv\u00e1na \u010cert\u00ed sk\u00e1la. Nen\u00ed moc vysoko, ale je tu kr\u00e1sn\u00fd v\u00fdhled na to na\u0161e malebn\u00e9 \u00fadol\u00ed. Obzvl\u00e1\u0161t\u011b pak na polskou stranu kolem Las\u00f3wky. &nbsp; Na fotce je vid\u011bt Lenka s Mar\u0165asem na \u010cert\u00ed sk\u00e1le na podzim roku 2017.<\/p>\n","protected":false},"author":1,"featured_media":0,"parent":0,"menu_order":0,"comment_status":"open","ping_status":"closed","template":"","meta":{"footnotes":""},"class_list":["post-145","page","type-page","status-publish","hentry"],"_links":{"self":[{"href":"https:\/\/svatba.tomogo.cz\/index.php?rest_route=\/wp\/v2\/pages\/145","targetHints":{"allow":["GET"]}}],"collection":[{"href":"https:\/\/svatba.tomogo.cz\/index.php?rest_route=\/wp\/v2\/pages"}],"about":[{"href":"https:\/\/svatba.tomogo.cz\/index.php?rest_route=\/wp\/v2\/types\/page"}],"author":[{"embeddable":true,"href":"https:\/\/svatba.tomogo.cz\/index.php?rest_route=\/wp\/v2\/users\/1"}],"replies":[{"embeddable":true,"href":"https:\/\/svatba.tomogo.cz\/index.php?rest_route=%2Fwp%2Fv2%2Fcomments&post=145"}],"version-history":[{"count":3,"href":"https:\/\/svatba.tomogo.cz\/index.php?rest_route=\/wp\/v2\/pages\/145\/revisions"}],"predecessor-version":[{"id":151,"href":"https:\/\/svatba.tomogo.cz\/index.php?rest_route=\/wp\/v2\/pages\/145\/revisions\/151"}],"wp:attachment":[{"href":"https:\/\/svatba.tomogo.cz\/index.php?rest_route=%2Fwp%2Fv2%2Fmedia&parent=145"}],"curies":[{"name":"wp","href":"https:\/\/api.w.org\/{rel}","templated":true}]}}