{"id":155,"date":"2018-02-10T16:22:13","date_gmt":"2018-02-10T15:22:13","guid":{"rendered":"https:\/\/svatba.tomogo.cz\/?page_id=155"},"modified":"2018-02-20T21:26:24","modified_gmt":"2018-02-20T20:26:24","slug":"minigolf","status":"publish","type":"page","link":"https:\/\/svatba.tomogo.cz\/?page_id=155","title":{"rendered":"Minigolf"},"content":{"rendered":"<p>V are\u00e1lu Bed\u0159ichovka je i minigolf, hole si lze p\u016fj\u010dit na recepci chaty.<\/p>\n<p><img loading=\"lazy\" decoding=\"async\" src=\"https:\/\/svatba.tomogo.cz\/wp-content\/uploads\/2018\/02\/minigolf.jpg\" alt=\"\" width=\"300\" height=\"225\" class=\"size-full wp-image-134\" \/><\/p>\n","protected":false},"excerpt":{"rendered":"<p>V are\u00e1lu Bed\u0159ichovka je i minigolf, hole si lze p\u016fj\u010dit na recepci chaty.<\/p>\n","protected":false},"author":1,"featured_media":0,"parent":0,"menu_order":0,"comment_status":"open","ping_status":"closed","template":"","meta":{"footnotes":""},"class_list":["post-155","page","type-page","status-publish","hentry"],"_links":{"self":[{"href":"https:\/\/svatba.tomogo.cz\/index.php?rest_route=\/wp\/v2\/pages\/155","targetHints":{"allow":["GET"]}}],"collection":[{"href":"https:\/\/svatba.tomogo.cz\/index.php?rest_route=\/wp\/v2\/pages"}],"about":[{"href":"https:\/\/svatba.tomogo.cz\/index.php?rest_route=\/wp\/v2\/types\/page"}],"author":[{"embeddable":true,"href":"https:\/\/svatba.tomogo.cz\/index.php?rest_route=\/wp\/v2\/users\/1"}],"replies":[{"embeddable":true,"href":"https:\/\/svatba.tomogo.cz\/index.php?rest_route=%2Fwp%2Fv2%2Fcomments&post=155"}],"version-history":[{"count":1,"href":"https:\/\/svatba.tomogo.cz\/index.php?rest_route=\/wp\/v2\/pages\/155\/revisions"}],"predecessor-version":[{"id":156,"href":"https:\/\/svatba.tomogo.cz\/index.php?rest_route=\/wp\/v2\/pages\/155\/revisions\/156"}],"wp:attachment":[{"href":"https:\/\/svatba.tomogo.cz\/index.php?rest_route=%2Fwp%2Fv2%2Fmedia&parent=155"}],"curies":[{"name":"wp","href":"https:\/\/api.w.org\/{rel}","templated":true}]}}