{"id":158,"date":"2018-02-10T16:24:08","date_gmt":"2018-02-10T15:24:08","guid":{"rendered":"https:\/\/svatba.tomogo.cz\/?page_id=158"},"modified":"2018-02-20T21:27:31","modified_gmt":"2018-02-20T20:27:31","slug":"tenisovy-kurt","status":"publish","type":"page","link":"https:\/\/svatba.tomogo.cz\/?page_id=158","title":{"rendered":"Tenisov\u00fd kurt"},"content":{"rendered":"<p>Tenisov\u00fd kurt lze vyu\u017e\u00edt nejen na tenis, ale i na nohejball, \u010di jin\u00e9 z\u00e1bavy.<\/p>\n<p><img loading=\"lazy\" decoding=\"async\" src=\"https:\/\/svatba.tomogo.cz\/wp-content\/uploads\/2018\/02\/teniskurt.jpg\" alt=\"\" width=\"300\" height=\"225\" class=\"size-full wp-image-138\" \/><\/p>\n","protected":false},"excerpt":{"rendered":"<p>Tenisov\u00fd kurt lze vyu\u017e\u00edt nejen na tenis, ale i na nohejball, \u010di jin\u00e9 z\u00e1bavy.<\/p>\n","protected":false},"author":1,"featured_media":0,"parent":0,"menu_order":0,"comment_status":"open","ping_status":"closed","template":"","meta":{"footnotes":""},"class_list":["post-158","page","type-page","status-publish","hentry"],"_links":{"self":[{"href":"https:\/\/svatba.tomogo.cz\/index.php?rest_route=\/wp\/v2\/pages\/158","targetHints":{"allow":["GET"]}}],"collection":[{"href":"https:\/\/svatba.tomogo.cz\/index.php?rest_route=\/wp\/v2\/pages"}],"about":[{"href":"https:\/\/svatba.tomogo.cz\/index.php?rest_route=\/wp\/v2\/types\/page"}],"author":[{"embeddable":true,"href":"https:\/\/svatba.tomogo.cz\/index.php?rest_route=\/wp\/v2\/users\/1"}],"replies":[{"embeddable":true,"href":"https:\/\/svatba.tomogo.cz\/index.php?rest_route=%2Fwp%2Fv2%2Fcomments&post=158"}],"version-history":[{"count":1,"href":"https:\/\/svatba.tomogo.cz\/index.php?rest_route=\/wp\/v2\/pages\/158\/revisions"}],"predecessor-version":[{"id":159,"href":"https:\/\/svatba.tomogo.cz\/index.php?rest_route=\/wp\/v2\/pages\/158\/revisions\/159"}],"wp:attachment":[{"href":"https:\/\/svatba.tomogo.cz\/index.php?rest_route=%2Fwp%2Fv2%2Fmedia&parent=158"}],"curies":[{"name":"wp","href":"https:\/\/api.w.org\/{rel}","templated":true}]}}