{"id":163,"date":"2018-02-10T16:38:48","date_gmt":"2018-02-10T15:38:48","guid":{"rendered":"https:\/\/svatba.tomogo.cz\/?page_id=163"},"modified":"2018-02-20T21:25:27","modified_gmt":"2018-02-20T20:25:27","slug":"houby","status":"publish","type":"page","link":"https:\/\/svatba.tomogo.cz\/?page_id=163","title":{"rendered":"Houby"},"content":{"rendered":"<p>Nev\u00edm, jestli houby zrovna porostou, ale kdy\u017e rostou je to kr\u00e1sa. A nejen jedl\u00fdmi houbami se d\u00e1 v lese pokochat&#8230;<\/p>\n<p>T\u0159eba se d\u00e1 naj\u00edt takov\u00e1to kr\u00e1sn\u00e1 rodinka muchom\u016frek:<\/p>\n<p><img loading=\"lazy\" decoding=\"async\" src=\"https:\/\/svatba.tomogo.cz\/wp-content\/uploads\/2018\/02\/muchomurka.jpg\" alt=\"\" width=\"768\" height=\"1024\" class=\"alignnone size-full wp-image-167\" srcset=\"https:\/\/svatba.tomogo.cz\/wp-content\/uploads\/2018\/02\/muchomurka.jpg 768w, https:\/\/svatba.tomogo.cz\/wp-content\/uploads\/2018\/02\/muchomurka-225x300.jpg 225w\" sizes=\"auto, (max-width: 768px) 100vw, 768px\" \/><\/p>\n<p>Nebo ku\u0159\u00e1tka vykouzl\u00ed \u00fasm\u011bv na l\u00edci:<\/p>\n<p><img loading=\"lazy\" decoding=\"async\" src=\"https:\/\/svatba.tomogo.cz\/wp-content\/uploads\/2018\/02\/kuratka.jpg\" alt=\"\" width=\"682\" height=\"1024\" class=\"alignnone size-full wp-image-166\" srcset=\"https:\/\/svatba.tomogo.cz\/wp-content\/uploads\/2018\/02\/kuratka.jpg 682w, https:\/\/svatba.tomogo.cz\/wp-content\/uploads\/2018\/02\/kuratka-200x300.jpg 200w\" sizes=\"auto, (max-width: 682px) 100vw, 682px\" \/><\/p>\n<p>Ale pro houba\u0159e je p\u0159eci jen asi zaj\u00edmav\u011bj\u0161\u00ed n\u011bco, co se d\u00e1 sn\u00edst. Tak nap\u0159\u00edklad tuto nad\u00edlku jsme nasb\u00edrali asi za deset minut v lese nad chalupou, hned kousek od cesty na Velkou De\u0161tnou:<\/p>\n<p><img loading=\"lazy\" decoding=\"async\" src=\"https:\/\/svatba.tomogo.cz\/wp-content\/uploads\/2018\/02\/batoh_houby.jpg\" alt=\"\" width=\"1024\" height=\"682\" class=\"alignnone size-full wp-image-164\" srcset=\"https:\/\/svatba.tomogo.cz\/wp-content\/uploads\/2018\/02\/batoh_houby.jpg 1024w, https:\/\/svatba.tomogo.cz\/wp-content\/uploads\/2018\/02\/batoh_houby-300x200.jpg 300w, https:\/\/svatba.tomogo.cz\/wp-content\/uploads\/2018\/02\/batoh_houby-768x512.jpg 768w, https:\/\/svatba.tomogo.cz\/wp-content\/uploads\/2018\/02\/batoh_houby-360x240.jpg 360w\" sizes=\"auto, (max-width: 1024px) 100vw, 1024px\" \/><\/p>\n<p>Ale v lese najdete i par\u00e1dn\u00ed kousky, jako nap\u0159\u00edklad kov\u00e1\u0159e, mas\u00e1ky, koz\u00e1ky, ale i k\u0159emen\u00e1\u010de. Pozn\u00e1te, kter\u00fd je na obr\u00e1zku n\u00ed\u017ee?<\/p>\n<p><img loading=\"lazy\" decoding=\"async\" src=\"https:\/\/svatba.tomogo.cz\/wp-content\/uploads\/2018\/02\/kozak.jpg\" alt=\"\" width=\"1024\" height=\"575\" class=\"alignnone size-full wp-image-165\" srcset=\"https:\/\/svatba.tomogo.cz\/wp-content\/uploads\/2018\/02\/kozak.jpg 1024w, https:\/\/svatba.tomogo.cz\/wp-content\/uploads\/2018\/02\/kozak-300x168.jpg 300w, https:\/\/svatba.tomogo.cz\/wp-content\/uploads\/2018\/02\/kozak-768x431.jpg 768w\" sizes=\"auto, (max-width: 1024px) 100vw, 1024px\" \/><\/p>\n<p>Pokud ale nic nenajdete, nezoufejte. My jsme na houb\u00e1ch na\u0161li cestu jeden k druh\u00e9mu.<\/p>\n","protected":false},"excerpt":{"rendered":"<p>Nev\u00edm, jestli houby zrovna porostou, ale kdy\u017e rostou je to kr\u00e1sa. A nejen jedl\u00fdmi houbami se d\u00e1 v lese pokochat&#8230; T\u0159eba se d\u00e1 naj\u00edt takov\u00e1to kr\u00e1sn\u00e1 rodinka muchom\u016frek: Nebo ku\u0159\u00e1tka vykouzl\u00ed \u00fasm\u011bv na l\u00edci: Ale pro houba\u0159e je p\u0159eci jen asi zaj\u00edmav\u011bj\u0161\u00ed n\u011bco, co se d\u00e1 sn\u00edst. Tak nap\u0159\u00edklad tuto [&hellip;]<\/p>\n","protected":false},"author":1,"featured_media":0,"parent":0,"menu_order":0,"comment_status":"open","ping_status":"closed","template":"","meta":{"footnotes":""},"class_list":["post-163","page","type-page","status-publish","hentry"],"_links":{"self":[{"href":"https:\/\/svatba.tomogo.cz\/index.php?rest_route=\/wp\/v2\/pages\/163","targetHints":{"allow":["GET"]}}],"collection":[{"href":"https:\/\/svatba.tomogo.cz\/index.php?rest_route=\/wp\/v2\/pages"}],"about":[{"href":"https:\/\/svatba.tomogo.cz\/index.php?rest_route=\/wp\/v2\/types\/page"}],"author":[{"embeddable":true,"href":"https:\/\/svatba.tomogo.cz\/index.php?rest_route=\/wp\/v2\/users\/1"}],"replies":[{"embeddable":true,"href":"https:\/\/svatba.tomogo.cz\/index.php?rest_route=%2Fwp%2Fv2%2Fcomments&post=163"}],"version-history":[{"count":5,"href":"https:\/\/svatba.tomogo.cz\/index.php?rest_route=\/wp\/v2\/pages\/163\/revisions"}],"predecessor-version":[{"id":177,"href":"https:\/\/svatba.tomogo.cz\/index.php?rest_route=\/wp\/v2\/pages\/163\/revisions\/177"}],"wp:attachment":[{"href":"https:\/\/svatba.tomogo.cz\/index.php?rest_route=%2Fwp%2Fv2%2Fmedia&parent=163"}],"curies":[{"name":"wp","href":"https:\/\/api.w.org\/{rel}","templated":true}]}}