{"id":170,"date":"2018-02-10T17:00:17","date_gmt":"2018-02-10T16:00:17","guid":{"rendered":"https:\/\/svatba.tomogo.cz\/?page_id=170"},"modified":"2018-02-20T21:27:56","modified_gmt":"2018-02-20T20:27:56","slug":"velka-destna","status":"publish","type":"page","link":"https:\/\/svatba.tomogo.cz\/?page_id=170","title":{"rendered":"Velk\u00e1 De\u0161tn\u00e1"},"content":{"rendered":"<p>Velk\u00e1 De\u0161tn\u00e1 je dominantou Orlick\u00fdch hor, skv\u011ble se kolem jezd\u00ed na b\u011b\u017ek\u00e1ch, nebo chod\u00ed po okol\u00ed.<\/p>\n<p><img loading=\"lazy\" decoding=\"async\" src=\"https:\/\/svatba.tomogo.cz\/wp-content\/uploads\/2018\/02\/destna0.jpg\" alt=\"\" width=\"1024\" height=\"768\" class=\"alignnone size-full wp-image-171\" srcset=\"https:\/\/svatba.tomogo.cz\/wp-content\/uploads\/2018\/02\/destna0.jpg 1024w, https:\/\/svatba.tomogo.cz\/wp-content\/uploads\/2018\/02\/destna0-300x225.jpg 300w, https:\/\/svatba.tomogo.cz\/wp-content\/uploads\/2018\/02\/destna0-768x576.jpg 768w\" sizes=\"auto, (max-width: 1024px) 100vw, 1024px\" \/><\/p>\n<p>Ze samotn\u00e9 Velk\u00e9 De\u0161tn\u00e9 nic moc vid\u011bt nen\u00ed, ale sta\u010d\u00ed popoj\u00edt kousek d\u00e1l a \u010dekaj\u00ed V\u00e1s n\u00e1dhern\u00e9 v\u00fdhledy:<\/p>\n<p><img loading=\"lazy\" decoding=\"async\" src=\"https:\/\/svatba.tomogo.cz\/wp-content\/uploads\/2018\/02\/destna2.jpg\" alt=\"\" width=\"1024\" height=\"768\" class=\"alignnone size-full wp-image-173\" srcset=\"https:\/\/svatba.tomogo.cz\/wp-content\/uploads\/2018\/02\/destna2.jpg 1024w, https:\/\/svatba.tomogo.cz\/wp-content\/uploads\/2018\/02\/destna2-300x225.jpg 300w, https:\/\/svatba.tomogo.cz\/wp-content\/uploads\/2018\/02\/destna2-768x576.jpg 768w\" sizes=\"auto, (max-width: 1024px) 100vw, 1024px\" \/>\u00a0Na Velkou De\u0161tnou se dostanete po modr\u00e9 zna\u010dce do sedla Pod Jelenkou, tam odbo\u010d\u00edte doprava a po \u010derven\u00e9 dojdete a\u017e na vrchol. T\u011bsn\u011b pod vrcholem je horsk\u00e1 chata, kde doporu\u010duji m\u00edstn\u00ed specialitu Preso\u010daj, ten si mo\u017en\u00e1 n\u011bkte\u0159\u00ed budete pamatovat z dob totality.\u00a0 Je hodn\u011b sladk\u00fd a proto ho doporu\u010duji malinko &#8222;z\u0159edit&#8220; rum\u00ed\u010dkem ;-).<\/p>\n<p><img loading=\"lazy\" decoding=\"async\" src=\"https:\/\/svatba.tomogo.cz\/wp-content\/uploads\/2018\/02\/na_velkou_destnou-1024x555.png\" alt=\"\" width=\"750\" height=\"406\" class=\"alignnone size-large wp-image-180\" srcset=\"https:\/\/svatba.tomogo.cz\/wp-content\/uploads\/2018\/02\/na_velkou_destnou-1024x555.png 1024w, https:\/\/svatba.tomogo.cz\/wp-content\/uploads\/2018\/02\/na_velkou_destnou-300x162.png 300w, https:\/\/svatba.tomogo.cz\/wp-content\/uploads\/2018\/02\/na_velkou_destnou-768x416.png 768w, https:\/\/svatba.tomogo.cz\/wp-content\/uploads\/2018\/02\/na_velkou_destnou.png 1189w\" sizes=\"auto, (max-width: 750px) 100vw, 750px\" \/><\/p>\n","protected":false},"excerpt":{"rendered":"<p>Velk\u00e1 De\u0161tn\u00e1 je dominantou Orlick\u00fdch hor, skv\u011ble se kolem jezd\u00ed na b\u011b\u017ek\u00e1ch, nebo chod\u00ed po okol\u00ed. Ze samotn\u00e9 Velk\u00e9 De\u0161tn\u00e9 nic moc vid\u011bt nen\u00ed, ale sta\u010d\u00ed popoj\u00edt kousek d\u00e1l a \u010dekaj\u00ed V\u00e1s n\u00e1dhern\u00e9 v\u00fdhledy: \u00a0Na Velkou De\u0161tnou se dostanete po modr\u00e9 zna\u010dce do sedla Pod Jelenkou, tam odbo\u010d\u00edte doprava a [&hellip;]<\/p>\n","protected":false},"author":1,"featured_media":0,"parent":0,"menu_order":0,"comment_status":"open","ping_status":"closed","template":"","meta":{"footnotes":""},"class_list":["post-170","page","type-page","status-publish","hentry"],"_links":{"self":[{"href":"https:\/\/svatba.tomogo.cz\/index.php?rest_route=\/wp\/v2\/pages\/170","targetHints":{"allow":["GET"]}}],"collection":[{"href":"https:\/\/svatba.tomogo.cz\/index.php?rest_route=\/wp\/v2\/pages"}],"about":[{"href":"https:\/\/svatba.tomogo.cz\/index.php?rest_route=\/wp\/v2\/types\/page"}],"author":[{"embeddable":true,"href":"https:\/\/svatba.tomogo.cz\/index.php?rest_route=\/wp\/v2\/users\/1"}],"replies":[{"embeddable":true,"href":"https:\/\/svatba.tomogo.cz\/index.php?rest_route=%2Fwp%2Fv2%2Fcomments&post=170"}],"version-history":[{"count":4,"href":"https:\/\/svatba.tomogo.cz\/index.php?rest_route=\/wp\/v2\/pages\/170\/revisions"}],"predecessor-version":[{"id":183,"href":"https:\/\/svatba.tomogo.cz\/index.php?rest_route=\/wp\/v2\/pages\/170\/revisions\/183"}],"wp:attachment":[{"href":"https:\/\/svatba.tomogo.cz\/index.php?rest_route=%2Fwp%2Fv2%2Fmedia&parent=170"}],"curies":[{"name":"wp","href":"https:\/\/api.w.org\/{rel}","templated":true}]}}