{"id":184,"date":"2018-02-10T17:09:02","date_gmt":"2018-02-10T16:09:02","guid":{"rendered":"https:\/\/svatba.tomogo.cz\/?page_id=184"},"modified":"2018-02-20T21:26:16","modified_gmt":"2018-02-20T20:26:16","slug":"masarykova-chata-na-serlichu-za-rodinnou-atmosferou-do-orlickych-hor","status":"publish","type":"page","link":"https:\/\/svatba.tomogo.cz\/?page_id=184","title":{"rendered":"Masarykova chata na \u0160erlichu &#8211; za rodinnou atmosf\u00e9rou do Orlick\u00fdch hor"},"content":{"rendered":"<div><img loading=\"lazy\" decoding=\"async\" src=\"https:\/\/svatba.tomogo.cz\/wp-content\/uploads\/2018\/02\/masarycka.jpg\" alt=\"\" width=\"656\" height=\"449\" class=\"alignnone size-full wp-image-185\" srcset=\"https:\/\/svatba.tomogo.cz\/wp-content\/uploads\/2018\/02\/masarycka.jpg 656w, https:\/\/svatba.tomogo.cz\/wp-content\/uploads\/2018\/02\/masarycka-300x205.jpg 300w\" sizes=\"auto, (max-width: 656px) 100vw, 656px\" \/><\/div>\n<div class=\"content-text annotation sx-align-left\">Svoj\u00ed polohou, dostupnost\u00ed i nadmo\u0159skou v\u00fd\u0161kou je \u0160erlich ide\u00e1ln\u00edm v\u00fdchoz\u00edm m\u00edstem k nejzaj\u00edmav\u011bj\u0161\u00edm m\u00edst\u016fm Orlick\u00fdch hor &#8211; na Velkou De\u0161tnou, do n\u00e1rodn\u00ed p\u0159\u00edrodn\u00ed rezervace Buka\u010dka, k \u0160erli\u0161sk\u00e9mu ml\u00fdnu, d\u00e1le na Sedlo\u0148ovsk\u00fd \u010dern\u00fd k\u0159\u00ed\u017e, nebo na Vrchmez\u00ed.<\/div>\n<div class=\"content-text description sx-align-left\" id=\"activity-desc\">\n<div>P\u016fvodn\u011b zde b\u00fdvala horsk\u00e1<span>\u00a0<\/span><strong>osada \u0160erlich<\/strong>, vznikl\u00e1 kolonizac\u00ed patrn\u011b koncem 17. stolet\u00ed. Roku 1844 tu st\u00e1lo 10 rouben\u00fdch chalup pat\u0159\u00edc\u00edch pod obec Sedlo\u0148ov. V \u010dp. 318 se v zim\u011b vyu\u010dovalo, v l\u00e9t\u011b doch\u00e1zely d\u011bti do \u0161koly v De\u0161tn\u00e9m. P\u016fvodn\u00ed obyvatel\u00e9 se \u017eivili d\u0159evorubectv\u00edm, uhl\u00ed\u0159stv\u00edm, tkalcovstv\u00edm a pastevectv\u00edm, krom\u011b toho t\u00e9\u017e pa\u0161er\u00e1ctv\u00edm (cukerin, petrolej, textil). Na n\u00e1kup se chod\u00edvalo do Grunwaldu (dnes Zielenec, v Polsku).<\/p>\n<p>Chatu postavil roku<span>\u00a0<\/span><strong>1925 Klub \u010desk\u00fdch turist\u016f v Hradci Kr\u00e1lov\u00e9<\/strong><span>\u00a0<\/span>podle projektu<span>\u00a0<\/span><strong>arch. B. Fuchse<\/strong>. Roku 1935 byla na<span>\u00a0<\/span><a href=\"http:\/\/www.kudyznudy.cz\/Aktivity-a-akce\/Aktivity\/Vrch-Serlich-v-Orlickych-horach.aspx\">\u0160erlichu<\/a><span>\u00a0<\/span>z\u0159\u00edzena i meteorologick\u00e1 stanice a p\u0159ed chatou byla odhalena busta prezidenta T. G. Masaryka od Leo\u0161e Kub\u00ed\u010dka. D\u0159evo\u0159ezby jeho bratra Josefa zdob\u00ed uprost\u0159ed j\u00eddelny masivn\u00ed sloup, na n\u011bm\u017e je z jedn\u00e9 strany znak Hradce Kr\u00e1lov\u00e9 (lev s p\u00edsmenem G) a z druh\u00e9 strany Strom \u017eivota se znakem K\u010cST. Pod stropem tr\u016fn\u00ed basreli\u00e9f vousat\u00e9ho horala od Ludv\u00edka Goebela z r. 1941 &#8211; dodate\u010dn\u011b byl ozna\u010den za Rampu\u0161\u00e1ka, dobr\u00e9ho ducha hor. 21. 9. 1938 byla Masarykova chata p\u0159epadena nacisty z Freikorpsu, pokus o vyp\u00e1len\u00ed na\u0161t\u011bst\u00ed nevy\u0161el. N\u011bmci chatu p\u0159ejmenovali na Hitlerbaude a v pr\u016fb\u011bhu v\u00e1lky zde byly ubytov\u00e1v\u00e1ny rodiny fa\u0161istick\u00fdch pohlav\u00e1r\u016f, zotavovali se tu ran\u011bn\u00ed piloti, bylo tu i st\u0159edisko Hitlerjugend. Chatu osvobodila a\u017e Sov\u011btsk\u00e1 arm\u00e1da v kv\u011btnu1945.<\/p>\n<p>V t\u011bsn\u00e9 bl\u00edzkosti chaty le\u017e\u00ed<span>\u00a0<\/span><strong>p\u0159\u00edrodn\u00ed rezervace prales<span>\u00a0<\/span><a href=\"http:\/\/www.kudyznudy.cz\/Aktivity-a-akce\/Aktivity\/Prales-Bukacka---botanicka-zahrada-Orlickych-hor.aspx\">Buka\u010dka<\/a><\/strong>, v okol\u00ed se vyskytuje \u0159ada vz\u00e1cn\u00fdch rostlin. V zim\u011b je u chaty k dispozici ly\u017ea\u0159sk\u00fd vlek (d\u00e9lka 350 m) na svahu pro nen\u00e1ro\u010dn\u00e9 ly\u017ea\u0159e. Chata nab\u00edz\u00ed celoro\u010dn\u00ed provoz. Poskytuje ubytov\u00e1n\u00ed ve dvou- a t\u0159\u00edl\u016f\u017ekov\u00fdch pokoj\u00edch (23 l\u016f\u017eek) a ve t\u0159ech turistick\u00fdch ubytovn\u00e1ch (28 l\u016f\u017eek). Nab\u00edz\u00ed nejen rekrea\u010dn\u00ed pobyty, ale t\u00e9\u017e zaji\u0161t\u011bn\u00ed \u0161kol v p\u0159\u00edrod\u011b, \u0161koln\u00edch v\u00fdlet\u016f, sportovn\u00edch soust\u0159ed\u011bn\u00ed a r\u016fzn\u00fdch \u0161kolen\u00ed. Nab\u00edz\u00ed rovn\u011b\u017e celodenn\u00ed stravov\u00e1n\u00ed v restauraci s 80 m\u00edsty. Na j\u00eddeln\u00edm l\u00edstku najdete i speciality ze zv\u011b\u0159iny.<\/p>\n<p><strong>V letn\u00ed sez\u00f3n\u011b se zde sj\u00ed\u017ed\u00ed n\u011bkolik cyklobus\u016f, v zimn\u00ed sez\u00f3n\u011b pak n\u011bkolik linek pro b\u011b\u017eka\u0159e.<\/strong><\/div>\n<div>zdroj (Kudy z nudy)<\/div>\n<\/div>\n","protected":false},"excerpt":{"rendered":"<p>Svoj\u00ed polohou, dostupnost\u00ed i nadmo\u0159skou v\u00fd\u0161kou je \u0160erlich ide\u00e1ln\u00edm v\u00fdchoz\u00edm m\u00edstem k nejzaj\u00edmav\u011bj\u0161\u00edm m\u00edst\u016fm Orlick\u00fdch hor &#8211; na Velkou De\u0161tnou, do n\u00e1rodn\u00ed p\u0159\u00edrodn\u00ed rezervace Buka\u010dka, k \u0160erli\u0161sk\u00e9mu ml\u00fdnu, d\u00e1le na Sedlo\u0148ovsk\u00fd \u010dern\u00fd k\u0159\u00ed\u017e, nebo na Vrchmez\u00ed. P\u016fvodn\u011b zde b\u00fdvala horsk\u00e1\u00a0osada \u0160erlich, vznikl\u00e1 kolonizac\u00ed patrn\u011b koncem 17. stolet\u00ed. Roku 1844 tu [&hellip;]<\/p>\n","protected":false},"author":1,"featured_media":0,"parent":0,"menu_order":0,"comment_status":"open","ping_status":"closed","template":"","meta":{"footnotes":""},"class_list":["post-184","page","type-page","status-publish","hentry"],"_links":{"self":[{"href":"https:\/\/svatba.tomogo.cz\/index.php?rest_route=\/wp\/v2\/pages\/184","targetHints":{"allow":["GET"]}}],"collection":[{"href":"https:\/\/svatba.tomogo.cz\/index.php?rest_route=\/wp\/v2\/pages"}],"about":[{"href":"https:\/\/svatba.tomogo.cz\/index.php?rest_route=\/wp\/v2\/types\/page"}],"author":[{"embeddable":true,"href":"https:\/\/svatba.tomogo.cz\/index.php?rest_route=\/wp\/v2\/users\/1"}],"replies":[{"embeddable":true,"href":"https:\/\/svatba.tomogo.cz\/index.php?rest_route=%2Fwp%2Fv2%2Fcomments&post=184"}],"version-history":[{"count":1,"href":"https:\/\/svatba.tomogo.cz\/index.php?rest_route=\/wp\/v2\/pages\/184\/revisions"}],"predecessor-version":[{"id":186,"href":"https:\/\/svatba.tomogo.cz\/index.php?rest_route=\/wp\/v2\/pages\/184\/revisions\/186"}],"wp:attachment":[{"href":"https:\/\/svatba.tomogo.cz\/index.php?rest_route=%2Fwp%2Fv2%2Fmedia&parent=184"}],"curies":[{"name":"wp","href":"https:\/\/api.w.org\/{rel}","templated":true}]}}