{"id":193,"date":"2018-02-11T12:45:20","date_gmt":"2018-02-11T11:45:20","guid":{"rendered":"https:\/\/svatba.tomogo.cz\/?page_id=193"},"modified":"2018-02-20T21:25:09","modified_gmt":"2018-02-20T20:25:09","slug":"cesta-mezi-bunkry","status":"publish","type":"page","link":"https:\/\/svatba.tomogo.cz\/?page_id=193","title":{"rendered":"Cesta mezi bunkry."},"content":{"rendered":"<p style=\"text-align: left;\">Bunkrovka je \u00fa\u017easn\u00e1 cesta pod h\u0159ebenem Orlick\u00fdch hor, M\u016f\u017eete si na bunkrovku vyjet autem a za\u010d\u00edt od konce u p\u011bchotn\u00edho srubu R-S 89, kter\u00fd je ve vlastnictv\u00ed soukrom\u00fdch nad\u0161enc\u016f a ne v\u017edy se v\u00e1m je zada\u0159\u00ed zastihnout na m\u00edst\u011b.<\/p>\n<p><img loading=\"lazy\" decoding=\"async\" src=\"https:\/\/svatba.tomogo.cz\/wp-content\/uploads\/2018\/02\/pechotni_srub.jpg\" alt=\"\" width=\"1024\" height=\"682\" class=\"alignnone size-full wp-image-195\" srcset=\"https:\/\/svatba.tomogo.cz\/wp-content\/uploads\/2018\/02\/pechotni_srub.jpg 1024w, https:\/\/svatba.tomogo.cz\/wp-content\/uploads\/2018\/02\/pechotni_srub-300x200.jpg 300w, https:\/\/svatba.tomogo.cz\/wp-content\/uploads\/2018\/02\/pechotni_srub-768x512.jpg 768w, https:\/\/svatba.tomogo.cz\/wp-content\/uploads\/2018\/02\/pechotni_srub-360x240.jpg 360w\" sizes=\"auto, (max-width: 1024px) 100vw, 1024px\" \/><\/p>\n<p style=\"text-align: left;\">Nebo si doj\u00edt od chaty po modr\u00e9 vzh\u016fru na h\u0159ebeny napojit se na bunkrovku tam.<\/p>\n<p>V ka\u017ed\u00e9m p\u0159\u00edpad\u011b je to kr\u00e1sn\u00fd v\u00fdlet s p\u011bkn\u00fdmi v\u00fdhledy do \u00fadol\u00ed a mnoha bunkry.<\/p>\n<p><a href=\"https:\/\/mapy.cz\/s\/2o7SM\" target=\"_blank\" rel=\"noopener\"><img loading=\"lazy\" decoding=\"async\" src=\"https:\/\/svatba.tomogo.cz\/wp-content\/uploads\/2018\/02\/bunkrovka.png\" alt=\"\" width=\"961\" height=\"908\" class=\"alignnone size-full wp-image-194\" srcset=\"https:\/\/svatba.tomogo.cz\/wp-content\/uploads\/2018\/02\/bunkrovka.png 961w, https:\/\/svatba.tomogo.cz\/wp-content\/uploads\/2018\/02\/bunkrovka-300x283.png 300w, https:\/\/svatba.tomogo.cz\/wp-content\/uploads\/2018\/02\/bunkrovka-768x726.png 768w\" sizes=\"auto, (max-width: 961px) 100vw, 961px\" \/><\/a><\/p>\n","protected":false},"excerpt":{"rendered":"<p>Bunkrovka je \u00fa\u017easn\u00e1 cesta pod h\u0159ebenem Orlick\u00fdch hor, M\u016f\u017eete si na bunkrovku vyjet autem a za\u010d\u00edt od konce u p\u011bchotn\u00edho srubu R-S 89, kter\u00fd je ve vlastnictv\u00ed soukrom\u00fdch nad\u0161enc\u016f a ne v\u017edy se v\u00e1m je zada\u0159\u00ed zastihnout na m\u00edst\u011b. Nebo si doj\u00edt od chaty po modr\u00e9 vzh\u016fru na h\u0159ebeny napojit [&hellip;]<\/p>\n","protected":false},"author":1,"featured_media":0,"parent":0,"menu_order":0,"comment_status":"open","ping_status":"closed","template":"","meta":{"footnotes":""},"class_list":["post-193","page","type-page","status-publish","hentry"],"_links":{"self":[{"href":"https:\/\/svatba.tomogo.cz\/index.php?rest_route=\/wp\/v2\/pages\/193","targetHints":{"allow":["GET"]}}],"collection":[{"href":"https:\/\/svatba.tomogo.cz\/index.php?rest_route=\/wp\/v2\/pages"}],"about":[{"href":"https:\/\/svatba.tomogo.cz\/index.php?rest_route=\/wp\/v2\/types\/page"}],"author":[{"embeddable":true,"href":"https:\/\/svatba.tomogo.cz\/index.php?rest_route=\/wp\/v2\/users\/1"}],"replies":[{"embeddable":true,"href":"https:\/\/svatba.tomogo.cz\/index.php?rest_route=%2Fwp%2Fv2%2Fcomments&post=193"}],"version-history":[{"count":3,"href":"https:\/\/svatba.tomogo.cz\/index.php?rest_route=\/wp\/v2\/pages\/193\/revisions"}],"predecessor-version":[{"id":225,"href":"https:\/\/svatba.tomogo.cz\/index.php?rest_route=\/wp\/v2\/pages\/193\/revisions\/225"}],"wp:attachment":[{"href":"https:\/\/svatba.tomogo.cz\/index.php?rest_route=%2Fwp%2Fv2%2Fmedia&parent=193"}],"curies":[{"name":"wp","href":"https:\/\/api.w.org\/{rel}","templated":true}]}}