{"id":199,"date":"2018-02-11T12:59:41","date_gmt":"2018-02-11T11:59:41","guid":{"rendered":"https:\/\/svatba.tomogo.cz\/?page_id=199"},"modified":"2018-02-20T21:26:31","modified_gmt":"2018-02-20T20:26:31","slug":"neratov","status":"publish","type":"page","link":"https:\/\/svatba.tomogo.cz\/?page_id=199","title":{"rendered":"Neratov"},"content":{"rendered":"<p>Neratov je zn\u00e1m\u00fd kostelem, ale sdru\u017een\u00edm, kter\u00e9 se star\u00e1 o pot\u0159ebn\u00e9. Je to n\u00e1dhern\u00e9 m\u00edsto s \u00fa\u017easnou atmosf\u00e9rou a skv\u011bl\u00fdm far\u00e1\u0159em Such\u00e1rem, kter\u00fd n\u00e1s bude odd\u00e1vat.<\/p>\n<p>Nejen pro v\u011b\u0159\u00edc\u00ed je Neratov v\u00fdletn\u00edm a poutn\u00edm m\u00edstem pro jeho zaj\u00edmav\u011b zrekonstruovan\u00fd kostel nanebevzet\u00ed panny Marie, kter\u00fd byl zni\u010den koncem v\u00e1lky rusk\u00fdm z\u00e1sahem a v dob\u011b totalitn\u00ed jen smutn\u011b ch\u00e1tral. Pokud jste v Orlick\u00fdch hor\u00e1ch, nesm\u00edte si uj\u00edt toto magick\u00e9 m\u00edsto s jeho dominantou.<\/p>\n<p><a href=\"https:\/\/www.neratov.cz\/poutni-misto\" target=\"_blank\" rel=\"noopener\"><img loading=\"lazy\" decoding=\"async\" src=\"https:\/\/svatba.tomogo.cz\/wp-content\/uploads\/2018\/02\/neratov.jpg\" alt=\"\" width=\"1024\" height=\"682\" class=\"alignnone size-full wp-image-200\" srcset=\"https:\/\/svatba.tomogo.cz\/wp-content\/uploads\/2018\/02\/neratov.jpg 1024w, https:\/\/svatba.tomogo.cz\/wp-content\/uploads\/2018\/02\/neratov-300x200.jpg 300w, https:\/\/svatba.tomogo.cz\/wp-content\/uploads\/2018\/02\/neratov-768x512.jpg 768w, https:\/\/svatba.tomogo.cz\/wp-content\/uploads\/2018\/02\/neratov-360x240.jpg 360w\" sizes=\"auto, (max-width: 1024px) 100vw, 1024px\" \/><\/a><\/p>\n","protected":false},"excerpt":{"rendered":"<p>Neratov je zn\u00e1m\u00fd kostelem, ale sdru\u017een\u00edm, kter\u00e9 se star\u00e1 o pot\u0159ebn\u00e9. Je to n\u00e1dhern\u00e9 m\u00edsto s \u00fa\u017easnou atmosf\u00e9rou a skv\u011bl\u00fdm far\u00e1\u0159em Such\u00e1rem, kter\u00fd n\u00e1s bude odd\u00e1vat. Nejen pro v\u011b\u0159\u00edc\u00ed je Neratov v\u00fdletn\u00edm a poutn\u00edm m\u00edstem pro jeho zaj\u00edmav\u011b zrekonstruovan\u00fd kostel nanebevzet\u00ed panny Marie, kter\u00fd byl zni\u010den koncem v\u00e1lky rusk\u00fdm z\u00e1sahem [&hellip;]<\/p>\n","protected":false},"author":1,"featured_media":0,"parent":0,"menu_order":0,"comment_status":"open","ping_status":"closed","template":"","meta":{"footnotes":""},"class_list":["post-199","page","type-page","status-publish","hentry"],"_links":{"self":[{"href":"https:\/\/svatba.tomogo.cz\/index.php?rest_route=\/wp\/v2\/pages\/199","targetHints":{"allow":["GET"]}}],"collection":[{"href":"https:\/\/svatba.tomogo.cz\/index.php?rest_route=\/wp\/v2\/pages"}],"about":[{"href":"https:\/\/svatba.tomogo.cz\/index.php?rest_route=\/wp\/v2\/types\/page"}],"author":[{"embeddable":true,"href":"https:\/\/svatba.tomogo.cz\/index.php?rest_route=\/wp\/v2\/users\/1"}],"replies":[{"embeddable":true,"href":"https:\/\/svatba.tomogo.cz\/index.php?rest_route=%2Fwp%2Fv2%2Fcomments&post=199"}],"version-history":[{"count":1,"href":"https:\/\/svatba.tomogo.cz\/index.php?rest_route=\/wp\/v2\/pages\/199\/revisions"}],"predecessor-version":[{"id":201,"href":"https:\/\/svatba.tomogo.cz\/index.php?rest_route=\/wp\/v2\/pages\/199\/revisions\/201"}],"wp:attachment":[{"href":"https:\/\/svatba.tomogo.cz\/index.php?rest_route=%2Fwp%2Fv2%2Fmedia&parent=199"}],"curies":[{"name":"wp","href":"https:\/\/api.w.org\/{rel}","templated":true}]}}