{"id":209,"date":"2018-02-11T13:27:18","date_gmt":"2018-02-11T12:27:18","guid":{"rendered":"https:\/\/svatba.tomogo.cz\/?page_id=209"},"modified":"2018-02-20T21:25:58","modified_gmt":"2018-02-20T20:25:58","slug":"langose-a-chleba","status":"publish","type":"page","link":"https:\/\/svatba.tomogo.cz\/?page_id=209","title":{"rendered":"Lango\u0161e a m\u00edstn\u00ed chleba."},"content":{"rendered":"<p>V Orlick\u00fdch hor\u00e1ch je spousta m\u00edst, kde se d\u00e1 dob\u0159e naj\u00edst. Pokud ale nechcete zrovna restauraci a nevad\u00ed v\u00e1m n\u011bco sn\u00edst tak \u0159\u00edkaj\u00edc na stoj\u00e1ka? Tak by V\u00e1s mo\u017en\u00e1 zaujal mal\u00fd st\u00e1nek se skv\u011bl\u00fdmi lango\u0161i.<\/p>\n<p>Je p\u0159\u00edmo na hlavn\u00ed silnici pod sjezdovkou <a href=\"https:\/\/mapy.cz\/turisticka?x=16.3633525&amp;y=50.3003093&amp;z=18&amp;source=firm&amp;id=1271819\">zde<\/a>, a d\u011blaj\u00ed jedny z nejlep\u0161\u00edch lango\u0161\u016f, co jsem kdy jedl.<\/p>\n<p>Milujeme tak\u00e9 m\u00edstn\u00ed chleba ze zdej\u0161\u00ed pek\u00e1rny rodiny Rezner\u016f hned na proti p\u0159es ulici <a href=\"https:\/\/www.firmy.cz\/detail\/237387-pekarstvi-reznerovi-destne-v-orlickych-horach.html\">zde<\/a>. Bohu\u017eel pek\u00e1rna m\u00e1 otev\u0159eno jen do 12:00, ale pokud to stihnete, nebudete litovat. Obl\u00edben\u00e9 m\u00e1me taky kynut\u00e9 kol\u00e1\u010de, kter\u00e9 pe\u010dou jen v \u00fater\u00fd a ve \u010dtvrtek.<\/p>\n<p><img loading=\"lazy\" decoding=\"async\" src=\"https:\/\/svatba.tomogo.cz\/wp-content\/uploads\/2018\/02\/buchta.jpg\" alt=\"\" width=\"1024\" height=\"682\" class=\"alignnone size-full wp-image-210\" srcset=\"https:\/\/svatba.tomogo.cz\/wp-content\/uploads\/2018\/02\/buchta.jpg 1024w, https:\/\/svatba.tomogo.cz\/wp-content\/uploads\/2018\/02\/buchta-300x200.jpg 300w, https:\/\/svatba.tomogo.cz\/wp-content\/uploads\/2018\/02\/buchta-768x512.jpg 768w, https:\/\/svatba.tomogo.cz\/wp-content\/uploads\/2018\/02\/buchta-360x240.jpg 360w\" sizes=\"auto, (max-width: 1024px) 100vw, 1024px\" \/><\/p>\n","protected":false},"excerpt":{"rendered":"<p>V Orlick\u00fdch hor\u00e1ch je spousta m\u00edst, kde se d\u00e1 dob\u0159e naj\u00edst. Pokud ale nechcete zrovna restauraci a nevad\u00ed v\u00e1m n\u011bco sn\u00edst tak \u0159\u00edkaj\u00edc na stoj\u00e1ka? Tak by V\u00e1s mo\u017en\u00e1 zaujal mal\u00fd st\u00e1nek se skv\u011bl\u00fdmi lango\u0161i. Je p\u0159\u00edmo na hlavn\u00ed silnici pod sjezdovkou zde, a d\u011blaj\u00ed jedny z nejlep\u0161\u00edch lango\u0161\u016f, co [&hellip;]<\/p>\n","protected":false},"author":1,"featured_media":0,"parent":0,"menu_order":0,"comment_status":"open","ping_status":"closed","template":"","meta":{"footnotes":""},"class_list":["post-209","page","type-page","status-publish","hentry"],"_links":{"self":[{"href":"https:\/\/svatba.tomogo.cz\/index.php?rest_route=\/wp\/v2\/pages\/209","targetHints":{"allow":["GET"]}}],"collection":[{"href":"https:\/\/svatba.tomogo.cz\/index.php?rest_route=\/wp\/v2\/pages"}],"about":[{"href":"https:\/\/svatba.tomogo.cz\/index.php?rest_route=\/wp\/v2\/types\/page"}],"author":[{"embeddable":true,"href":"https:\/\/svatba.tomogo.cz\/index.php?rest_route=\/wp\/v2\/users\/1"}],"replies":[{"embeddable":true,"href":"https:\/\/svatba.tomogo.cz\/index.php?rest_route=%2Fwp%2Fv2%2Fcomments&post=209"}],"version-history":[{"count":2,"href":"https:\/\/svatba.tomogo.cz\/index.php?rest_route=\/wp\/v2\/pages\/209\/revisions"}],"predecessor-version":[{"id":212,"href":"https:\/\/svatba.tomogo.cz\/index.php?rest_route=\/wp\/v2\/pages\/209\/revisions\/212"}],"wp:attachment":[{"href":"https:\/\/svatba.tomogo.cz\/index.php?rest_route=%2Fwp%2Fv2%2Fmedia&parent=209"}],"curies":[{"name":"wp","href":"https:\/\/api.w.org\/{rel}","templated":true}]}}