{"id":216,"date":"2018-02-11T13:37:31","date_gmt":"2018-02-11T12:37:31","guid":{"rendered":"https:\/\/svatba.tomogo.cz\/?page_id=216"},"modified":"2018-02-20T21:26:52","modified_gmt":"2018-02-20T20:26:52","slug":"pivovar-neratov","status":"publish","type":"page","link":"https:\/\/svatba.tomogo.cz\/?page_id=216","title":{"rendered":"Pivovar Neratov."},"content":{"rendered":"<p>Pivo z Neratova jsem je\u0161t\u011b netestoval, ale m\u016f\u017eete ho ochutnat v m\u00edstn\u00ed restauraci. Zde n\u00e1s m\u00edstn\u00ed kuchyn\u011b moc nep\u0159esv\u011bd\u010dila, ale t\u0159eba se to zada\u0159\u00ed s m\u00edstn\u00edm pivem.<\/p>\n<p>Bokem je tak\u00e9 kav\u00e1rna, kter\u00e1 je o dost p\u0159\u00edjemn\u011bj\u0161\u00ed.<\/p>\n<p>V ka\u017ed\u00e9m p\u0159\u00edpad\u011b vydr\u017ete, pokus\u00edm se ud\u011blat pokusn\u00e9ho kr\u00e1l\u00edka a v z\u00e1jmu komplexnosti webu se pit\u00edm m\u00edstn\u00edho piva ob\u011btuji.<\/p>\n","protected":false},"excerpt":{"rendered":"<p>Pivo z Neratova jsem je\u0161t\u011b netestoval, ale m\u016f\u017eete ho ochutnat v m\u00edstn\u00ed restauraci. Zde n\u00e1s m\u00edstn\u00ed kuchyn\u011b moc nep\u0159esv\u011bd\u010dila, ale t\u0159eba se to zada\u0159\u00ed s m\u00edstn\u00edm pivem. Bokem je tak\u00e9 kav\u00e1rna, kter\u00e1 je o dost p\u0159\u00edjemn\u011bj\u0161\u00ed. V ka\u017ed\u00e9m p\u0159\u00edpad\u011b vydr\u017ete, pokus\u00edm se ud\u011blat pokusn\u00e9ho kr\u00e1l\u00edka a v z\u00e1jmu komplexnosti webu [&hellip;]<\/p>\n","protected":false},"author":1,"featured_media":0,"parent":0,"menu_order":0,"comment_status":"open","ping_status":"closed","template":"","meta":{"footnotes":""},"class_list":["post-216","page","type-page","status-publish","hentry"],"_links":{"self":[{"href":"https:\/\/svatba.tomogo.cz\/index.php?rest_route=\/wp\/v2\/pages\/216","targetHints":{"allow":["GET"]}}],"collection":[{"href":"https:\/\/svatba.tomogo.cz\/index.php?rest_route=\/wp\/v2\/pages"}],"about":[{"href":"https:\/\/svatba.tomogo.cz\/index.php?rest_route=\/wp\/v2\/types\/page"}],"author":[{"embeddable":true,"href":"https:\/\/svatba.tomogo.cz\/index.php?rest_route=\/wp\/v2\/users\/1"}],"replies":[{"embeddable":true,"href":"https:\/\/svatba.tomogo.cz\/index.php?rest_route=%2Fwp%2Fv2%2Fcomments&post=216"}],"version-history":[{"count":4,"href":"https:\/\/svatba.tomogo.cz\/index.php?rest_route=\/wp\/v2\/pages\/216\/revisions"}],"predecessor-version":[{"id":224,"href":"https:\/\/svatba.tomogo.cz\/index.php?rest_route=\/wp\/v2\/pages\/216\/revisions\/224"}],"wp:attachment":[{"href":"https:\/\/svatba.tomogo.cz\/index.php?rest_route=%2Fwp%2Fv2%2Fmedia&parent=216"}],"curies":[{"name":"wp","href":"https:\/\/api.w.org\/{rel}","templated":true}]}}