{"id":487,"date":"2018-03-04T11:58:28","date_gmt":"2018-03-04T10:58:28","guid":{"rendered":"https:\/\/svatba.tomogo.cz\/?page_id=487"},"modified":"2018-03-04T16:39:58","modified_gmt":"2018-03-04T15:39:58","slug":"co-na-sebe","status":"publish","type":"page","link":"https:\/\/svatba.tomogo.cz\/?page_id=487","title":{"rendered":"Co na sebe"},"content":{"rendered":"<p><img loading=\"lazy\" decoding=\"async\" src=\"https:\/\/svatba.tomogo.cz\/wp-content\/uploads\/2018\/03\/raminko-300x211.png\" alt=\"\" width=\"156\" height=\"110\" class=\" wp-image-496 alignright\" srcset=\"https:\/\/svatba.tomogo.cz\/wp-content\/uploads\/2018\/03\/raminko-300x211.png 300w, https:\/\/svatba.tomogo.cz\/wp-content\/uploads\/2018\/03\/raminko.png 600w\" sizes=\"auto, (max-width: 156px) 100vw, 156px\" \/>Proto\u017ee bude svatba prob\u00edhat na louce u kapli\u010dky a oslava u chaty Bed\u0159ichovka, rozhodn\u011b nebude ve velkolep\u00e9m stylu uhlazen\u00fdch milion\u00e1\u0159\u016f. Oble\u010deni budeme le\u017e\u00e9rn\u011bji, jak se v obchodn\u00edm jazyce \u0159\u00edk\u00e1 &#8222;smart casual&#8220;. Prost\u011b p\u0159ij\u010fte slu\u0161n\u011b oble\u010deni, v \u010dem se c\u00edt\u00edte dob\u0159e. Nemus\u00edte b\u00fdt v saku a posta\u010d\u00ed p\u011bkn\u00e1 ko\u0161ile a slu\u0161n\u00e9 kalhoty, t\u0159eba neroztrhan\u00e9 d\u017e\u00edny.<\/p>\n<p>D\u00e1my to maj\u00ed jednodu\u0161\u00ed. Vz\u00edt si mohou v\u0161e, co jim slu\u0161\u00ed. Jen jim doporu\u010dujeme, a\u0165 si p\u0159ibal\u00ed i n\u011bco teplej\u0161\u00edho, pro p\u0159\u00edpad chladn\u011bj\u0161\u00edho po\u010das\u00ed.<\/p>\n<p>Svateb\u010dan\u00e9 v tepl\u00e1c\u00edch jsou tak\u00e9 v\u00edt\u00e1ni, nicm\u00e9n\u011b riskuj\u00ed, \u017ee budou na svatebn\u00ed fotce schov\u00e1ni do zadn\u00ed \u0159ady. \ud83d\ude42<\/p>\n","protected":false},"excerpt":{"rendered":"<p>Proto\u017ee bude svatba prob\u00edhat na louce u kapli\u010dky a oslava u chaty Bed\u0159ichovka, rozhodn\u011b nebude ve velkolep\u00e9m stylu uhlazen\u00fdch milion\u00e1\u0159\u016f. Oble\u010deni budeme le\u017e\u00e9rn\u011bji, jak se v obchodn\u00edm jazyce \u0159\u00edk\u00e1 &#8222;smart casual&#8220;. Prost\u011b p\u0159ij\u010fte slu\u0161n\u011b oble\u010deni, v \u010dem se c\u00edt\u00edte dob\u0159e. Nemus\u00edte b\u00fdt v saku a posta\u010d\u00ed p\u011bkn\u00e1 ko\u0161ile a slu\u0161n\u00e9 [&hellip;]<\/p>\n","protected":false},"author":1,"featured_media":0,"parent":0,"menu_order":0,"comment_status":"closed","ping_status":"closed","template":"","meta":{"footnotes":""},"class_list":["post-487","page","type-page","status-publish","hentry"],"_links":{"self":[{"href":"https:\/\/svatba.tomogo.cz\/index.php?rest_route=\/wp\/v2\/pages\/487","targetHints":{"allow":["GET"]}}],"collection":[{"href":"https:\/\/svatba.tomogo.cz\/index.php?rest_route=\/wp\/v2\/pages"}],"about":[{"href":"https:\/\/svatba.tomogo.cz\/index.php?rest_route=\/wp\/v2\/types\/page"}],"author":[{"embeddable":true,"href":"https:\/\/svatba.tomogo.cz\/index.php?rest_route=\/wp\/v2\/users\/1"}],"replies":[{"embeddable":true,"href":"https:\/\/svatba.tomogo.cz\/index.php?rest_route=%2Fwp%2Fv2%2Fcomments&post=487"}],"version-history":[{"count":5,"href":"https:\/\/svatba.tomogo.cz\/index.php?rest_route=\/wp\/v2\/pages\/487\/revisions"}],"predecessor-version":[{"id":498,"href":"https:\/\/svatba.tomogo.cz\/index.php?rest_route=\/wp\/v2\/pages\/487\/revisions\/498"}],"wp:attachment":[{"href":"https:\/\/svatba.tomogo.cz\/index.php?rest_route=%2Fwp%2Fv2%2Fmedia&parent=487"}],"curies":[{"name":"wp","href":"https:\/\/api.w.org\/{rel}","templated":true}]}}