{"id":49,"date":"2018-02-05T16:44:41","date_gmt":"2018-02-05T15:44:41","guid":{"rendered":"https:\/\/svatba.tomogo.cz\/?page_id=49"},"modified":"2018-03-02T19:55:27","modified_gmt":"2018-03-02T18:55:27","slug":"pozvanka","status":"publish","type":"page","link":"https:\/\/svatba.tomogo.cz\/?page_id=49","title":{"rendered":"Pozv\u00e1nka"},"content":{"rendered":"<p style=\"text-align: center;\">T\u011b\u0161\u00edme se na V\u00e1s i na Va\u0161e bl\u00edzk\u00e9.<\/p>\n<p><img loading=\"lazy\" decoding=\"async\" src=\"https:\/\/svatba.tomogo.cz\/wp-content\/uploads\/2018\/02\/pozvanka2.png\" alt=\"\" width=\"1600\" height=\"2092\" class=\"alignnone size-full wp-image-267\" srcset=\"https:\/\/svatba.tomogo.cz\/wp-content\/uploads\/2018\/02\/pozvanka2.png 1600w, https:\/\/svatba.tomogo.cz\/wp-content\/uploads\/2018\/02\/pozvanka2-229x300.png 229w, https:\/\/svatba.tomogo.cz\/wp-content\/uploads\/2018\/02\/pozvanka2-768x1004.png 768w, https:\/\/svatba.tomogo.cz\/wp-content\/uploads\/2018\/02\/pozvanka2-783x1024.png 783w\" sizes=\"auto, (max-width: 1600px) 100vw, 1600px\" \/><\/p>\n","protected":false},"excerpt":{"rendered":"<p>T\u011b\u0161\u00edme se na V\u00e1s i na Va\u0161e bl\u00edzk\u00e9.<\/p>\n","protected":false},"author":1,"featured_media":0,"parent":0,"menu_order":0,"comment_status":"open","ping_status":"closed","template":"","meta":{"footnotes":""},"class_list":["post-49","page","type-page","status-publish","hentry"],"_links":{"self":[{"href":"https:\/\/svatba.tomogo.cz\/index.php?rest_route=\/wp\/v2\/pages\/49","targetHints":{"allow":["GET"]}}],"collection":[{"href":"https:\/\/svatba.tomogo.cz\/index.php?rest_route=\/wp\/v2\/pages"}],"about":[{"href":"https:\/\/svatba.tomogo.cz\/index.php?rest_route=\/wp\/v2\/types\/page"}],"author":[{"embeddable":true,"href":"https:\/\/svatba.tomogo.cz\/index.php?rest_route=\/wp\/v2\/users\/1"}],"replies":[{"embeddable":true,"href":"https:\/\/svatba.tomogo.cz\/index.php?rest_route=%2Fwp%2Fv2%2Fcomments&post=49"}],"version-history":[{"count":8,"href":"https:\/\/svatba.tomogo.cz\/index.php?rest_route=\/wp\/v2\/pages\/49\/revisions"}],"predecessor-version":[{"id":478,"href":"https:\/\/svatba.tomogo.cz\/index.php?rest_route=\/wp\/v2\/pages\/49\/revisions\/478"}],"wp:attachment":[{"href":"https:\/\/svatba.tomogo.cz\/index.php?rest_route=%2Fwp%2Fv2%2Fmedia&parent=49"}],"curies":[{"name":"wp","href":"https:\/\/api.w.org\/{rel}","templated":true}]}}