{"id":52,"date":"2018-02-05T16:44:41","date_gmt":"2018-02-05T15:44:41","guid":{"rendered":"https:\/\/svatba.tomogo.cz\/?page_id=52"},"modified":"2018-03-01T22:38:28","modified_gmt":"2018-03-01T21:38:28","slug":"svatebni-dary","status":"publish","type":"page","link":"https:\/\/svatba.tomogo.cz\/?page_id=52","title":{"rendered":"Svatebn\u00ed dary"},"content":{"rendered":"<p><img loading=\"lazy\" decoding=\"async\" src=\"https:\/\/svatba.tomogo.cz\/wp-content\/uploads\/2018\/02\/gift.png\" alt=\"\" width=\"221\" height=\"184\" class=\"wp-image-238 alignright\" srcset=\"https:\/\/svatba.tomogo.cz\/wp-content\/uploads\/2018\/02\/gift.png 800w, https:\/\/svatba.tomogo.cz\/wp-content\/uploads\/2018\/02\/gift-300x251.png 300w, https:\/\/svatba.tomogo.cz\/wp-content\/uploads\/2018\/02\/gift-768x641.png 768w\" sizes=\"auto, (max-width: 221px) 100vw, 221px\" \/><\/p>\n<p>Nejv\u011bt\u0161\u00edm svatebn\u00edm darem jste pro n\u00e1s Vy a Va\u0161e p\u0159\u00edtomnost.<\/p>\n<p>Pokud p\u0159eci jenom podlehnete nutk\u00e1n\u00ed n\u00e1m n\u011bco podarovat, pot\u011b\u0161\u00ed n\u00e1s sp\u00ed\u0161e nehmotn\u00fd dar, p\u0159\u00edpadn\u011b budeme r\u00e1di za jak\u00fdkoli finan\u010dn\u00ed p\u0159\u00edsp\u011bvek na svatebn\u00ed cestu.<\/p>\n<p>\u00da\u010det pro p\u0159\u00edsp\u011bvky:<br \/>\n<span>670100-2200754383\/6210<\/span><\/p>\n","protected":false},"excerpt":{"rendered":"<p>Nejv\u011bt\u0161\u00edm svatebn\u00edm darem jste pro n\u00e1s Vy a Va\u0161e p\u0159\u00edtomnost. Pokud p\u0159eci jenom podlehnete nutk\u00e1n\u00ed n\u00e1m n\u011bco podarovat, pot\u011b\u0161\u00ed n\u00e1s sp\u00ed\u0161e nehmotn\u00fd dar, p\u0159\u00edpadn\u011b budeme r\u00e1di za jak\u00fdkoli finan\u010dn\u00ed p\u0159\u00edsp\u011bvek na svatebn\u00ed cestu. \u00da\u010det pro p\u0159\u00edsp\u011bvky: 670100-2200754383\/6210<\/p>\n","protected":false},"author":1,"featured_media":0,"parent":0,"menu_order":0,"comment_status":"open","ping_status":"closed","template":"","meta":{"footnotes":""},"class_list":["post-52","page","type-page","status-publish","hentry"],"_links":{"self":[{"href":"https:\/\/svatba.tomogo.cz\/index.php?rest_route=\/wp\/v2\/pages\/52","targetHints":{"allow":["GET"]}}],"collection":[{"href":"https:\/\/svatba.tomogo.cz\/index.php?rest_route=\/wp\/v2\/pages"}],"about":[{"href":"https:\/\/svatba.tomogo.cz\/index.php?rest_route=\/wp\/v2\/types\/page"}],"author":[{"embeddable":true,"href":"https:\/\/svatba.tomogo.cz\/index.php?rest_route=\/wp\/v2\/users\/1"}],"replies":[{"embeddable":true,"href":"https:\/\/svatba.tomogo.cz\/index.php?rest_route=%2Fwp%2Fv2%2Fcomments&post=52"}],"version-history":[{"count":8,"href":"https:\/\/svatba.tomogo.cz\/index.php?rest_route=\/wp\/v2\/pages\/52\/revisions"}],"predecessor-version":[{"id":406,"href":"https:\/\/svatba.tomogo.cz\/index.php?rest_route=\/wp\/v2\/pages\/52\/revisions\/406"}],"wp:attachment":[{"href":"https:\/\/svatba.tomogo.cz\/index.php?rest_route=%2Fwp%2Fv2%2Fmedia&parent=52"}],"curies":[{"name":"wp","href":"https:\/\/api.w.org\/{rel}","templated":true}]}}