{"id":68,"date":"2018-02-05T17:20:17","date_gmt":"2018-02-05T16:20:17","guid":{"rendered":"https:\/\/svatba.tomogo.cz\/?page_id=68"},"modified":"2018-05-31T12:30:30","modified_gmt":"2018-05-31T10:30:30","slug":"program-2","status":"publish","type":"page","link":"https:\/\/svatba.tomogo.cz\/?page_id=68","title":{"rendered":"Program"},"content":{"rendered":"<p><img loading=\"lazy\" decoding=\"async\" src=\"https:\/\/svatba.tomogo.cz\/wp-content\/uploads\/2018\/02\/program-300x300.png\" alt=\"\" width=\"146\" height=\"146\" class=\" wp-image-349 alignright\" srcset=\"https:\/\/svatba.tomogo.cz\/wp-content\/uploads\/2018\/02\/program-300x300.png 300w, https:\/\/svatba.tomogo.cz\/wp-content\/uploads\/2018\/02\/program-150x150.png 150w, https:\/\/svatba.tomogo.cz\/wp-content\/uploads\/2018\/02\/program.png 549w\" sizes=\"auto, (max-width: 146px) 100vw, 146px\" \/>Tento program je p\u0159edb\u011b\u017en\u00fd a nez\u00e1vazn\u00fd, doporu\u010dujeme zkontrolovat a\u017e p\u0159ed odjezdem na svatbu.<\/p>\n<hr \/>\n<p><span style=\"text-decoration: underline;\">P\u00e1tek 1.6.\u00a0<\/span><\/p>\n<p>Oslava dne d\u011bt\u00ed spole\u010dn\u00fdm ve\u010dern\u00edm t\u00e1bor\u00e1kem. M\u00e1me pro V\u00e1s p\u0159ipraveny bu\u0159ty, hermel\u00edny a pivo a n\u011bco k tomu. Pokud V\u00e1s nic z toho nezaujalo, mus\u00edte se obslou\u017eit sami.<\/p>\n<p>Ve\u010der je neform\u00e1ln\u00ed a po\u010d\u00edtejte, \u017ee se kolem bu\u0159t\u016f i trochu u\u0161pin\u00edte. Hudebn\u00ed n\u00e1stroje v\u00edt\u00e1ny.<\/p>\n<p>Kdo bude p\u0159\u00edtomen u\u017e b\u011bhem dne m\u016f\u017ee pomoci s n\u00e1sleduj\u00edc\u00edm:<br \/>\n&#8211; Zasadit kv\u011btiny do z\u00e1hon\u016f u kapli\u010dky.<br \/>\n&#8211; Narazit sud a pomoci s p\u0159\u00edpravou \u0161pek\u00e1\u010dk\u016f.<br \/>\n&#8211; Nebo nanosit d\u0159evo na t\u00e1bor\u00e1k.<br \/>\n&#8211; Kdo vyrob\u00ed kozu, z\u00edsk\u00e1 n\u00e1\u0161 nehynouc\u00ed obdiv.<\/p>\n<hr \/>\n<p><span style=\"text-decoration: underline;\">Sobota 2.6.<\/span><\/p>\n<p>Dopoledne &#8211; <a href=\"https:\/\/svatba.tomogo.cz\/?page_id=53\">voln\u00fd program<\/a>, nev\u011bsta se zdob\u00ed a \u017eenich omlazuje po jist\u011b divok\u00e9 rozlu\u010dce se svobodou.<\/p>\n<p>Kdy\u017e nab\u00eddnete pomocnou ruku, pravd\u011bpodobn\u011b se pro V\u00e1s najde n\u011bjak\u00e1 z\u00e1slu\u017en\u00e1 \u010dinnost \u010di povinnost. Dost mo\u017en\u00e1 bude pot\u0159eba dov\u00e9zt n\u011bkoho \u010di n\u011bco z De\u0161tn\u00e9ho, ov\u011bsit ostatn\u00ed svateb\u010dany myrtou, o\u0161et\u0159it n\u011bkomu rozbit\u00e9 kol\u00ednko. P\u0159edev\u0161\u00edm se ale ubytujte a zap\u0159em\u00fd\u0161lejte, pro\u010d Tom tak poctiv\u011b sestavil sekci <a href=\"https:\/\/svatba.tomogo.cz\/?page_id=53\">Voln\u00fd \u010das<\/a>. No p\u0159ece, abyste spole\u010dn\u011b s n\u00e1mi mohli slavit, nikoli pracovat.<\/p>\n<p>Co bude t\u0159eba p\u0159ipravit:<br \/>\n&#8211; Myrtu, p\u0159\u00edpadn\u011b ji i p\u0159i\u0161pendlit svateb\u010dan\u016fm na garder\u00f3bu.<br \/>\n&#8211; Stolky a \u017eidle ke kapli\u010dce, p\u0159\u00edpadn\u011b n\u011bjak\u00e1 v\u00fdzdoba kolem.<br \/>\n&#8211; Nazdobit okol\u00ed kv\u011btinami a p\u0159ipravit a ozdobit na n\u011b p\u0159ipraven\u00e9 sklenice.<br \/>\n&#8211; Nacvi\u010dit zp\u011bvy.<br \/>\n&#8211; P\u0159ipravit ter\u010d na lukost\u0159elbu.<br \/>\n&#8211; P\u0159ipravit st\u0159elbu ze vzduchovky (sestavit n\u011bjak\u00fd klacek\/kozu, do kter\u00e9ho se nastrkaj\u00ed \u0161pejle a na n\u011b se zav\u011bs\u00ed sladkosti.<\/p>\n<p>12.30 setk\u00e1n\u00ed s \u017eenichem na parkovi\u0161ti u chaty Bed\u0159ichovka\u00a0 &#8211; p\u0159\u00edle\u017eitost ke sklence v\u00edna a ot\u00e1zk\u00e1m. Pot\u00e9 V\u00e1s \u017eenich doprovod\u00ed ke kapli\u010dce<\/p>\n<p>12.45 nev\u011bsta vyr\u00e1\u017e\u00ed od chalupy ke kapli\u010dce<\/p>\n<p>13.00 ob\u0159ad, na p\u0159\u00edslu\u0161n\u00e9m m\u00edst\u011b, kde budeme sezd\u00e1ni p\u00e1terem Josefem Such\u00e1rem<\/p>\n<p>13.45 konec ob\u0159adu, d\u011bkova\u010dka<\/p>\n<p>14:00 focen\u00ed u kapli\u010dky (po ob\u0159adu pros\u00edm neodch\u00e1zejte)<\/p>\n<p>14:20 n\u00e1vrat host\u00ed na chatu Bed\u0159ichovka k hostin\u011b<\/p>\n<p>14:30 pozv\u00e1n\u00ed k hostin\u011b<\/p>\n<p>15:30 n\u011bjak\u00e9 proslovy, kr\u00e1jen\u00ed dortu a mo\u017en\u00e1 se do\u010dk\u00e1te i n\u011bjak\u00e9ho tance!<\/p>\n<p>16:00 voln\u00e1 z\u00e1bava dle vlastn\u00edch preferenc\u00ed (m\u00e1te jedine\u010dnou \u0161anci k n\u00ed p\u0159isp\u011bt &#8211; klidn\u011b dejte v\u011bd\u011bt p\u0159edem)<\/p>\n<p>18:00 za\u010d\u00edn\u00e1 se grilovat k\u00fdta<\/p>\n<p>Pot\u00e9 se m\u016f\u017eete op\u011bt p\u0159evl\u00e9knout do n\u011b\u010deho pohodln\u011bj\u0161\u00edho, proto\u017ee se ve\u010dern\u00ed program bude to\u010dit kolem ohn\u011b a pe\u010den\u00e9 k\u00fdty.<\/p>\n<p>&nbsp;<\/p>\n<hr \/>\n<p><span style=\"text-decoration: underline;\">Ned\u011ble 3.6.<\/span><\/p>\n<p>8:00 \u2013 10:00, sn\u00eddan\u011b<br \/>\n8:00 \u2013 10:30, \u00daHRADA UBYTOV\u00c1N\u00cd \u2013 na baru Bed\u0159ichovka<br \/>\ndo 11:00, uvoln\u011bn\u00ed pokoj\u016f<br \/>\ndo 13:00 nejpozd\u011bji, opu\u0161t\u011bn\u00ed objektu<\/p>\n<p>Pot\u00e9 doporu\u010dujeme v\u00fdlet po n\u00e1dhern\u00e9m okol\u00ed Orlicka.<\/p>\n<p>POZOR: Zm\u011bny budou! Jedin\u00e9 co je jist\u00e9, \u017ee svatba bude a to je asi tak v\u0161e, co V\u00e1m v tuto chv\u00edli m\u016f\u017eeme stoprocentn\u011b sl\u00edbit. \ud83d\ude42<\/p>\n","protected":false},"excerpt":{"rendered":"<p>Tento program je p\u0159edb\u011b\u017en\u00fd a nez\u00e1vazn\u00fd, doporu\u010dujeme zkontrolovat a\u017e p\u0159ed odjezdem na svatbu. P\u00e1tek 1.6.\u00a0 Oslava dne d\u011bt\u00ed spole\u010dn\u00fdm ve\u010dern\u00edm t\u00e1bor\u00e1kem. M\u00e1me pro V\u00e1s p\u0159ipraveny bu\u0159ty, hermel\u00edny a pivo a n\u011bco k tomu. Pokud V\u00e1s nic z toho nezaujalo, mus\u00edte se obslou\u017eit sami. Ve\u010der je neform\u00e1ln\u00ed a po\u010d\u00edtejte, \u017ee se [&hellip;]<\/p>\n","protected":false},"author":1,"featured_media":0,"parent":0,"menu_order":0,"comment_status":"open","ping_status":"closed","template":"","meta":{"footnotes":""},"class_list":["post-68","page","type-page","status-publish","hentry"],"_links":{"self":[{"href":"https:\/\/svatba.tomogo.cz\/index.php?rest_route=\/wp\/v2\/pages\/68","targetHints":{"allow":["GET"]}}],"collection":[{"href":"https:\/\/svatba.tomogo.cz\/index.php?rest_route=\/wp\/v2\/pages"}],"about":[{"href":"https:\/\/svatba.tomogo.cz\/index.php?rest_route=\/wp\/v2\/types\/page"}],"author":[{"embeddable":true,"href":"https:\/\/svatba.tomogo.cz\/index.php?rest_route=\/wp\/v2\/users\/1"}],"replies":[{"embeddable":true,"href":"https:\/\/svatba.tomogo.cz\/index.php?rest_route=%2Fwp%2Fv2%2Fcomments&post=68"}],"version-history":[{"count":20,"href":"https:\/\/svatba.tomogo.cz\/index.php?rest_route=\/wp\/v2\/pages\/68\/revisions"}],"predecessor-version":[{"id":545,"href":"https:\/\/svatba.tomogo.cz\/index.php?rest_route=\/wp\/v2\/pages\/68\/revisions\/545"}],"wp:attachment":[{"href":"https:\/\/svatba.tomogo.cz\/index.php?rest_route=%2Fwp%2Fv2%2Fmedia&parent=68"}],"curies":[{"name":"wp","href":"https:\/\/api.w.org\/{rel}","templated":true}]}}