{"id":70,"date":"2018-02-05T17:20:48","date_gmt":"2018-02-05T16:20:48","guid":{"rendered":"https:\/\/svatba.tomogo.cz\/?page_id=70"},"modified":"2018-03-02T19:14:12","modified_gmt":"2018-03-02T18:14:12","slug":"ubytovani","status":"publish","type":"page","link":"https:\/\/svatba.tomogo.cz\/?page_id=70","title":{"rendered":"Ubytov\u00e1n\u00ed"},"content":{"rendered":"<p><img loading=\"lazy\" decoding=\"async\" src=\"https:\/\/svatba.tomogo.cz\/wp-content\/uploads\/2018\/03\/chalupa-300x201.png\" alt=\"\" width=\"256\" height=\"172\" class=\"alignright wp-image-474\" srcset=\"https:\/\/svatba.tomogo.cz\/wp-content\/uploads\/2018\/03\/chalupa-300x201.png 300w, https:\/\/svatba.tomogo.cz\/wp-content\/uploads\/2018\/03\/chalupa-360x240.png 360w, https:\/\/svatba.tomogo.cz\/wp-content\/uploads\/2018\/03\/chalupa.png 550w\" sizes=\"auto, (max-width: 256px) 100vw, 256px\" \/>Chata Bed\u0159ichovka je o svatebn\u00edm v\u00edkendu vyhrazena pouze V\u00e1m, svatebn\u00edm host\u016fm.<\/p>\n<p>Pokud tedy z\u016fstanete p\u0159es cel\u00fd v\u00edkend \u010di jen noc, nab\u00edz\u00ed V\u00e1m levn\u00e9 ubytov\u00e1n\u00ed za cenu 250 K\u010d\/ l\u016f\u017eko\/ noc. Jde o z\u00e1kladn\u011b za\u0159\u00edzenou chatu z hor, tak jak jsme je mnoz\u00ed za\u017eili na \u0161kol\u00e1ch v p\u0159\u00edrod\u011b. V\u00edce v p\u0159ilo\u017een\u00e9m <a href=\"https:\/\/svatba.tomogo.cz\/wp-content\/uploads\/2018\/02\/bedrichovka.pdf\" target=\"_blank\" rel=\"noopener\">souboru zde<\/a>.<\/p>\n<p>Cena je all inclusive, proto\u017ee p\u00e9\u010di o Va\u0161e \u017ealudky si bereme na starost my ;).<\/p>\n<p>Abychom V\u00e1m v are\u00e1lu Bed\u0159ichovky zajistili ubytov\u00e1n\u00ed, vypl\u0148te pros\u00edm nejpozd\u011bji do 31.3. formul\u00e1\u0159 n\u00ed\u017ee:<\/p>\n<p><a href=\"https:\/\/docs.google.com\/forms\/d\/e\/1FAIpQLSchL6b07hbI_03ZxCSFqoni1IDHaGjebuwFLjbr9z_MCCW1cQ\/viewform\" target=\"_blank\" rel=\"noopener\">Formul\u00e1\u0159 pro svateb\u010dany.<\/a><\/p>\n<p>Pokud hled\u00e1te luxusn\u011bj\u0161\u00ed ubytov\u00e1n\u00ed, mo\u017en\u00e1 se domluv\u00edte ve v\u00edce lidech a obsad\u00edte chalupu Vlo\u010dka, nebo si zkus\u00edte n\u011bco naj\u00edt v Orlick\u00e9m Z\u00e1ho\u0159\u00ed a okol\u00ed.<\/p>\n<p>Pokud naopak m\u00e9n\u011b luxusn\u00ed, vezm\u011bte s sebou stan, kter\u00fd V\u00e1s cel\u00fd bude st\u00e1t 250 korun za noc. Ono se pro n\u011bj m\u00edsto ur\u010dit\u011b najde. \ud83d\ude09 Vyu\u017e\u00edt budete moci i m\u00edstn\u00ed soci\u00e1ln\u00ed za\u0159\u00edzen\u00ed. Po\u010d\u00edtejte ale s t\u00edm, \u017ee noci na hor\u00e1ch jsou v tuto dobu je\u0161t\u011b chladiv\u00e9.<\/p>\n","protected":false},"excerpt":{"rendered":"<p>Chata Bed\u0159ichovka je o svatebn\u00edm v\u00edkendu vyhrazena pouze V\u00e1m, svatebn\u00edm host\u016fm. Pokud tedy z\u016fstanete p\u0159es cel\u00fd v\u00edkend \u010di jen noc, nab\u00edz\u00ed V\u00e1m levn\u00e9 ubytov\u00e1n\u00ed za cenu 250 K\u010d\/ l\u016f\u017eko\/ noc. Jde o z\u00e1kladn\u011b za\u0159\u00edzenou chatu z hor, tak jak jsme je mnoz\u00ed za\u017eili na \u0161kol\u00e1ch v p\u0159\u00edrod\u011b. V\u00edce v p\u0159ilo\u017een\u00e9m [&hellip;]<\/p>\n","protected":false},"author":1,"featured_media":0,"parent":0,"menu_order":0,"comment_status":"open","ping_status":"closed","template":"","meta":{"footnotes":""},"class_list":["post-70","page","type-page","status-publish","hentry"],"_links":{"self":[{"href":"https:\/\/svatba.tomogo.cz\/index.php?rest_route=\/wp\/v2\/pages\/70","targetHints":{"allow":["GET"]}}],"collection":[{"href":"https:\/\/svatba.tomogo.cz\/index.php?rest_route=\/wp\/v2\/pages"}],"about":[{"href":"https:\/\/svatba.tomogo.cz\/index.php?rest_route=\/wp\/v2\/types\/page"}],"author":[{"embeddable":true,"href":"https:\/\/svatba.tomogo.cz\/index.php?rest_route=\/wp\/v2\/users\/1"}],"replies":[{"embeddable":true,"href":"https:\/\/svatba.tomogo.cz\/index.php?rest_route=%2Fwp%2Fv2%2Fcomments&post=70"}],"version-history":[{"count":26,"href":"https:\/\/svatba.tomogo.cz\/index.php?rest_route=\/wp\/v2\/pages\/70\/revisions"}],"predecessor-version":[{"id":476,"href":"https:\/\/svatba.tomogo.cz\/index.php?rest_route=\/wp\/v2\/pages\/70\/revisions\/476"}],"wp:attachment":[{"href":"https:\/\/svatba.tomogo.cz\/index.php?rest_route=%2Fwp%2Fv2%2Fmedia&parent=70"}],"curies":[{"name":"wp","href":"https:\/\/api.w.org\/{rel}","templated":true}]}}