{"id":74,"date":"2018-02-05T17:21:23","date_gmt":"2018-02-05T16:21:23","guid":{"rendered":"https:\/\/svatba.tomogo.cz\/?page_id=74"},"modified":"2018-05-31T18:09:11","modified_gmt":"2018-05-31T16:09:11","slug":"dulezite-kontakty","status":"publish","type":"page","link":"https:\/\/svatba.tomogo.cz\/?page_id=74","title":{"rendered":"D\u016fle\u017eit\u00e9 kontakty"},"content":{"rendered":"<p><img loading=\"lazy\" decoding=\"async\" src=\"https:\/\/svatba.tomogo.cz\/wp-content\/uploads\/2018\/03\/kontakt-300x188.png\" alt=\"\" width=\"201\" height=\"126\" class=\"alignright wp-image-382\" srcset=\"https:\/\/svatba.tomogo.cz\/wp-content\/uploads\/2018\/03\/kontakt-300x188.png 300w, https:\/\/svatba.tomogo.cz\/wp-content\/uploads\/2018\/03\/kontakt-768x482.png 768w, https:\/\/svatba.tomogo.cz\/wp-content\/uploads\/2018\/03\/kontakt.png 785w\" sizes=\"auto, (max-width: 201px) 100vw, 201px\" \/><strong><span style=\"text-decoration: underline;\">Centr\u00e1ln\u00ed e-mailov\u00fd kontakt:<\/span><\/strong><\/p>\n<p><a href=\"mailto:svatba@tomogo.cz\">svatba@tomogo.cz<\/a><\/p>\n<p><strong><span style=\"text-decoration: underline;\">Pro telefonisty:<\/span><\/strong><\/p>\n<table class=\"tabstd\" border=\"0\">\n<tbody>\n<tr class=\"trstd\">\n<td class=\"tdstd\"><strong>Hlavn\u00ed kontakt Pavl\u00edna (od p\u00e1tku):<\/strong><\/td>\n<td class=\"tdstd\"><strong>721 249 746<\/strong><\/td>\n<\/tr>\n<tr class=\"trstd\">\n<td class=\"tdstd\">Lenka:<\/td>\n<td class=\"tdstd\">724 766 135<\/td>\n<\/tr>\n<tr class=\"trstd\">\n<td class=\"tdstd\">Tom\u00e1\u0161:<\/td>\n<td class=\"tdstd\">602 430 471<\/td>\n<\/tr>\n<\/tbody>\n<\/table>\n<p>&nbsp;<\/p>\n<p>Kdy\u017e se nedovol\u00e1te, nezoufejte. Ozveme se zp\u00e1tky&#8230; nebo rad\u011bji po\u0161lete e-mail.<\/p>\n<p><strong><span style=\"text-decoration: underline;\">Koordinace ubytov\u00e1n\u00ed, kuchyn\u011b a atrakc\u00ed chaty Bed\u0159ichovka: <\/span><\/strong><\/p>\n<p>Veronika Pr\u00e1tov\u00e1:\u00a0<span data-tooltip=\"Volat na telefon (+420775346832)\" aria-label=\"Volat na telefon (+420775346832)\" dir=\"ltr\">775 346 832<\/span><span class=\"SiTyAd\">\u00a0<\/span><\/p>\n<p><a href=\"mailto:info@bedrichovka.cz?subject=Svatba 2018\">info@bedrichovka.cz<\/a> &#8211; do p\u0159edm\u011btu pi\u0161t\u011b pros\u00edm &#8222;Svatba 2018&#8220;.<\/p>\n<p>&nbsp;<\/p>\n","protected":false},"excerpt":{"rendered":"<p>Centr\u00e1ln\u00ed e-mailov\u00fd kontakt: svatba@tomogo.cz Pro telefonisty: Hlavn\u00ed kontakt Pavl\u00edna (od p\u00e1tku): 721 249 746 Lenka: 724 766 135 Tom\u00e1\u0161: 602 430 471 &nbsp; Kdy\u017e se nedovol\u00e1te, nezoufejte. Ozveme se zp\u00e1tky&#8230; nebo rad\u011bji po\u0161lete e-mail. Koordinace ubytov\u00e1n\u00ed, kuchyn\u011b a atrakc\u00ed chaty Bed\u0159ichovka: Veronika Pr\u00e1tov\u00e1:\u00a0775 346 832\u00a0 info@bedrichovka.cz &#8211; do p\u0159edm\u011btu pi\u0161t\u011b [&hellip;]<\/p>\n","protected":false},"author":1,"featured_media":0,"parent":0,"menu_order":0,"comment_status":"open","ping_status":"closed","template":"","meta":{"footnotes":""},"class_list":["post-74","page","type-page","status-publish","hentry"],"_links":{"self":[{"href":"https:\/\/svatba.tomogo.cz\/index.php?rest_route=\/wp\/v2\/pages\/74","targetHints":{"allow":["GET"]}}],"collection":[{"href":"https:\/\/svatba.tomogo.cz\/index.php?rest_route=\/wp\/v2\/pages"}],"about":[{"href":"https:\/\/svatba.tomogo.cz\/index.php?rest_route=\/wp\/v2\/types\/page"}],"author":[{"embeddable":true,"href":"https:\/\/svatba.tomogo.cz\/index.php?rest_route=\/wp\/v2\/users\/1"}],"replies":[{"embeddable":true,"href":"https:\/\/svatba.tomogo.cz\/index.php?rest_route=%2Fwp%2Fv2%2Fcomments&post=74"}],"version-history":[{"count":26,"href":"https:\/\/svatba.tomogo.cz\/index.php?rest_route=\/wp\/v2\/pages\/74\/revisions"}],"predecessor-version":[{"id":548,"href":"https:\/\/svatba.tomogo.cz\/index.php?rest_route=\/wp\/v2\/pages\/74\/revisions\/548"}],"wp:attachment":[{"href":"https:\/\/svatba.tomogo.cz\/index.php?rest_route=%2Fwp%2Fv2%2Fmedia&parent=74"}],"curies":[{"name":"wp","href":"https:\/\/api.w.org\/{rel}","templated":true}]}}